{"id":41299,"date":"2022-06-17T06:49:26","date_gmt":"2022-06-17T12:49:26","guid":{"rendered":"https:\/\/store-test.absglobal.com\/fr\/?page_id=41299"},"modified":"2022-06-17T06:49:27","modified_gmt":"2022-06-17T12:49:27","slug":"about-us-fr","status":"publish","type":"page","link":"https:\/\/store-test.absglobal.com\/fr\/about-us-fr\/","title":{"rendered":"\u00c0 propos de nous"},"content":{"rendered":"\n<h2 class=\"registration wp-block-heading\" id=\"h-abs-global-inc\"> ABS Global, Inc. <\/h2>\n\n\n\n<p><br>Leader mondial de la g\u00e9n\u00e9tique bovine<\/p>\n\n\n\n<p><strong><strong>ABS Global, <\/strong><\/strong>Inc.\u00a0Bas\u00e9 \u00e0 DeForest, Wisconsin, ABS Global est le premier fournisseur mondial de g\u00e9n\u00e9tique bovine, de services de reproduction, de technologies et de produits de soins du pis. Commercialis\u00e9 dans plus de 80 pays \u00e0 travers le monde, ABS est \u00e0 la pointe de la g\u00e9n\u00e9tique et de la technologie animales depuis sa cr\u00e9ation en 1941. ABS Global est une division de Genus plc<\/p>\n","protected":false},"excerpt":{"rendered":"<p>ABS Global, Inc. Leader mondial de la g\u00e9n\u00e9tique bovine ABS Global, Inc.\u00a0Bas\u00e9 \u00e0 DeForest, Wisconsin, ABS Global est le premier fournisseur mondial de g\u00e9n\u00e9tique bovine, de services de reproduction, de technologies et de produits de soins du pis. Commercialis\u00e9 dans plus de 80 pays \u00e0 travers le monde, ABS est \u00e0 la pointe de la [&hellip;]<\/p>\n","protected":false},"author":6,"featured_media":0,"parent":0,"menu_order":0,"comment_status":"closed","ping_status":"closed","template":"","meta":{"_acf_changed":false,"content-type":"","inline_featured_image":false,"_editorskit_title_hidden":false,"_editorskit_reading_time":1,"_editorskit_is_block_options_detached":false,"_editorskit_block_options_position":"{}","footnotes":""},"class_list":["post-41299","page","type-page","status-publish"],"acf":[],"yoast_head":"<!-- This site is optimized with the Yoast SEO Premium plugin v22.1 (Yoast SEO v25.3) - https:\/\/yoast.com\/wordpress\/plugins\/seo\/ -->\n<title>World Leader in Bovine Genetics - Buy Sexcel and Conventional Semen<\/title>\n<meta name=\"description\" content=\"ABS Global is the world-leading provider of bovine genetics, reproduction services, technologies and udder care products.\" \/>\n<meta name=\"robots\" content=\"index, follow, max-snippet:-1, max-image-preview:large, max-video-preview:-1\" \/>\n<link rel=\"canonical\" href=\"https:\/\/store-test.absglobal.com\/fr\/about-us-fr\/\" \/>\n<meta property=\"og:locale\" content=\"en_US\" \/>\n<meta property=\"og:type\" content=\"article\" \/>\n<meta property=\"og:title\" content=\"\u00c0 propos de nous\" \/>\n<meta property=\"og:description\" content=\"ABS Global is the world-leading provider of bovine genetics, reproduction services, technologies and udder care products.\" \/>\n<meta property=\"og:url\" content=\"https:\/\/store-test.absglobal.com\/fr\/about-us-fr\/\" \/>\n<meta property=\"og:site_name\" content=\"ABS Global Store France (BOVEC)\" \/>\n<meta property=\"article:modified_time\" content=\"2022-06-17T12:49:27+00:00\" \/>\n<meta name=\"twitter:card\" content=\"summary_large_image\" \/>\n<meta name=\"twitter:label1\" content=\"Est. reading time\" \/>\n\t<meta name=\"twitter:data1\" content=\"1 minute\" \/>\n<script type=\"application\/ld+json\" class=\"yoast-schema-graph\">{\"@context\":\"https:\/\/schema.org\",\"@graph\":[{\"@type\":\"WebPage\",\"@id\":\"https:\/\/store-test.absglobal.com\/fr\/about-us-fr\/\",\"url\":\"https:\/\/store-test.absglobal.com\/fr\/about-us-fr\/\",\"name\":\"World Leader in Bovine Genetics - Buy Sexcel and Conventional Semen\",\"isPartOf\":{\"@id\":\"https:\/\/store-test.absglobal.com\/fr\/#website\"},\"datePublished\":\"2022-06-17T12:49:26+00:00\",\"dateModified\":\"2022-06-17T12:49:27+00:00\",\"description\":\"ABS Global is the world-leading provider of bovine genetics, reproduction services, technologies and udder care products.\",\"breadcrumb\":{\"@id\":\"https:\/\/store-test.absglobal.com\/fr\/about-us-fr\/#breadcrumb\"},\"inLanguage\":\"en-US\",\"potentialAction\":[{\"@type\":\"ReadAction\",\"target\":[\"https:\/\/store-test.absglobal.com\/fr\/about-us-fr\/\"]}]},{\"@type\":\"BreadcrumbList\",\"@id\":\"https:\/\/store-test.absglobal.com\/fr\/about-us-fr\/#breadcrumb\",\"itemListElement\":[{\"@type\":\"ListItem\",\"position\":1,\"name\":\"Home\",\"item\":\"https:\/\/store-test.absglobal.com\/fr\/\"},{\"@type\":\"ListItem\",\"position\":2,\"name\":\"\u00c0 propos de nous\"}]},{\"@type\":\"WebSite\",\"@id\":\"https:\/\/store-test.absglobal.com\/fr\/#website\",\"url\":\"https:\/\/store-test.absglobal.com\/fr\/\",\"name\":\"ABS Global Store France (BOVEC)\",\"description\":\"BOVEC e-Market\",\"potentialAction\":[{\"@type\":\"SearchAction\",\"target\":{\"@type\":\"EntryPoint\",\"urlTemplate\":\"https:\/\/store-test.absglobal.com\/fr\/?s={search_term_string}\"},\"query-input\":{\"@type\":\"PropertyValueSpecification\",\"valueRequired\":true,\"valueName\":\"search_term_string\"}}],\"inLanguage\":\"en-US\"}]}<\/script>\n<!-- \/ Yoast SEO Premium plugin. -->","yoast_head_json":{"title":"World Leader in Bovine Genetics - Buy Sexcel and Conventional Semen","description":"ABS Global is the world-leading provider of bovine genetics, reproduction services, technologies and udder care products.","robots":{"index":"index","follow":"follow","max-snippet":"max-snippet:-1","max-image-preview":"max-image-preview:large","max-video-preview":"max-video-preview:-1"},"canonical":"https:\/\/store-test.absglobal.com\/fr\/about-us-fr\/","og_locale":"en_US","og_type":"article","og_title":"\u00c0 propos de nous","og_description":"ABS Global is the world-leading provider of bovine genetics, reproduction services, technologies and udder care products.","og_url":"https:\/\/store-test.absglobal.com\/fr\/about-us-fr\/","og_site_name":"ABS Global Store France (BOVEC)","article_modified_time":"2022-06-17T12:49:27+00:00","twitter_card":"summary_large_image","twitter_misc":{"Est. reading time":"1 minute"},"schema":{"@context":"https:\/\/schema.org","@graph":[{"@type":"WebPage","@id":"https:\/\/store-test.absglobal.com\/fr\/about-us-fr\/","url":"https:\/\/store-test.absglobal.com\/fr\/about-us-fr\/","name":"World Leader in Bovine Genetics - Buy Sexcel and Conventional Semen","isPartOf":{"@id":"https:\/\/store-test.absglobal.com\/fr\/#website"},"datePublished":"2022-06-17T12:49:26+00:00","dateModified":"2022-06-17T12:49:27+00:00","description":"ABS Global is the world-leading provider of bovine genetics, reproduction services, technologies and udder care products.","breadcrumb":{"@id":"https:\/\/store-test.absglobal.com\/fr\/about-us-fr\/#breadcrumb"},"inLanguage":"en-US","potentialAction":[{"@type":"ReadAction","target":["https:\/\/store-test.absglobal.com\/fr\/about-us-fr\/"]}]},{"@type":"BreadcrumbList","@id":"https:\/\/store-test.absglobal.com\/fr\/about-us-fr\/#breadcrumb","itemListElement":[{"@type":"ListItem","position":1,"name":"Home","item":"https:\/\/store-test.absglobal.com\/fr\/"},{"@type":"ListItem","position":2,"name":"\u00c0 propos de nous"}]},{"@type":"WebSite","@id":"https:\/\/store-test.absglobal.com\/fr\/#website","url":"https:\/\/store-test.absglobal.com\/fr\/","name":"ABS Global Store France (BOVEC)","description":"BOVEC e-Market","potentialAction":[{"@type":"SearchAction","target":{"@type":"EntryPoint","urlTemplate":"https:\/\/store-test.absglobal.com\/fr\/?s={search_term_string}"},"query-input":{"@type":"PropertyValueSpecification","valueRequired":true,"valueName":"search_term_string"}}],"inLanguage":"en-US"}]}},"_links":{"self":[{"href":"https:\/\/store-test.absglobal.com\/fr\/wp-json\/wp\/v2\/pages\/41299"}],"collection":[{"href":"https:\/\/store-test.absglobal.com\/fr\/wp-json\/wp\/v2\/pages"}],"about":[{"href":"https:\/\/store-test.absglobal.com\/fr\/wp-json\/wp\/v2\/types\/page"}],"author":[{"embeddable":true,"href":"https:\/\/store-test.absglobal.com\/fr\/wp-json\/wp\/v2\/users\/6"}],"replies":[{"embeddable":true,"href":"https:\/\/store-test.absglobal.com\/fr\/wp-json\/wp\/v2\/comments?post=41299"}],"version-history":[{"count":1,"href":"https:\/\/store-test.absglobal.com\/fr\/wp-json\/wp\/v2\/pages\/41299\/revisions"}],"predecessor-version":[{"id":41300,"href":"https:\/\/store-test.absglobal.com\/fr\/wp-json\/wp\/v2\/pages\/41299\/revisions\/41300"}],"wp:attachment":[{"href":"https:\/\/store-test.absglobal.com\/fr\/wp-json\/wp\/v2\/media?parent=41299"}],"curies":[{"name":"wp","href":"https:\/\/api.w.org\/{rel}","templated":true}]}}