{"id":41345,"date":"2022-06-17T07:21:42","date_gmt":"2022-06-17T13:21:42","guid":{"rendered":"https:\/\/store-test.absglobal.com\/fr\/?page_id=41345"},"modified":"2022-10-12T02:01:48","modified_gmt":"2022-10-12T08:01:48","slug":"terms-and-conditions-fr","status":"publish","type":"page","link":"https:\/\/store-test.absglobal.com\/fr\/terms-and-conditions-fr\/","title":{"rendered":"Termes et Conditions"},"content":{"rendered":"<p>Conditions G\u00e9n\u00e9rales de Vente:<\/p>\n<ol>\n<li>Toute commande valid\u00e9e par le client engage irr\u00e9vocablement celui-ci<\/li>\n<li>Nos offres sont faites dans la limite des stocks et disponibilit\u00e9s tant de la soci\u00e9t\u00e9 que de ses fournisseurs.<\/li>\n<li>Les d\u00e9lais de livraison ne sont donn\u00e9es qu\u2019\u00e0 titre indicatif. La soci\u00e9t\u00e9 BOVEC ne s\u2019engage pas \u00e0 livrer sur un jour sp\u00e9cifique mais sur une plage de livraison.<\/li>\n<li>Le retard de livraison ne peut pas constituer un motif pour le client de refuser la marchandise.<\/li>\n<li>Tout retour ou reprise de marchandise ne peut se faire sans un accord pr\u00e9alable<\/li>\n<li>Les factures sont payables comptant par ch\u00e8que, par p\u00e9l\u00e8vement automatique ou par virement bancaire sauf avis contraire. Toute facture bon r\u00e9gl\u00e9e \u00e0 sa date d \u2019\u00e9ch\u00e9ance g\u00e9n\u00e8re des int\u00e9r\u00eats de retard \u00e9gaux \u00e0 1,5 fois l\u2019int\u00e9r\u00eat l\u00e9gal en vigueur \u00e0 cette date, calcul\u00e9s par mensualit\u00e9s.<\/li>\n<li>Tout litige r\u00e9sultant de l\u2019ex\u00e9cution des pr\u00e9sentes conditions g\u00e9n\u00e9rales de vente sera de la comp\u00e9tence exclusive des tribunaux de Lyon.<\/li>\n<\/ol>\n","protected":false},"excerpt":{"rendered":"<p>Conditions G\u00e9n\u00e9rales de Vente: Toute commande valid\u00e9e par le client engage irr\u00e9vocablement celui-ci Nos offres sont faites dans la limite des stocks et disponibilit\u00e9s tant de la soci\u00e9t\u00e9 que de ses fournisseurs. Les d\u00e9lais de livraison ne sont donn\u00e9es qu\u2019\u00e0 titre indicatif. La soci\u00e9t\u00e9 BOVEC ne s\u2019engage pas \u00e0 livrer sur un jour sp\u00e9cifique mais [&hellip;]<\/p>\n","protected":false},"author":6,"featured_media":0,"parent":0,"menu_order":0,"comment_status":"closed","ping_status":"closed","template":"","meta":{"_acf_changed":false,"content-type":"","inline_featured_image":false,"_editorskit_title_hidden":false,"_editorskit_reading_time":1,"_editorskit_is_block_options_detached":false,"_editorskit_block_options_position":"{}","footnotes":""},"class_list":["post-41345","page","type-page","status-publish"],"acf":[],"yoast_head":"<!-- This site is optimized with the Yoast SEO Premium plugin v22.1 (Yoast SEO v25.3) - https:\/\/yoast.com\/wordpress\/plugins\/seo\/ -->\n<title>Termes et Conditions - ABS Global Store France (BOVEC)<\/title>\n<meta name=\"robots\" content=\"index, follow, max-snippet:-1, max-image-preview:large, max-video-preview:-1\" \/>\n<link rel=\"canonical\" href=\"https:\/\/store-test.absglobal.com\/fr\/terms-and-conditions-fr\/\" \/>\n<meta property=\"og:locale\" content=\"en_US\" \/>\n<meta property=\"og:type\" content=\"article\" \/>\n<meta property=\"og:title\" content=\"Termes et Conditions\" \/>\n<meta property=\"og:description\" content=\"Conditions G\u00e9n\u00e9rales de Vente: Toute commande valid\u00e9e par le client engage irr\u00e9vocablement celui-ci Nos offres sont faites dans la limite des stocks et disponibilit\u00e9s tant de la soci\u00e9t\u00e9 que de ses fournisseurs. Les d\u00e9lais de livraison ne sont donn\u00e9es qu\u2019\u00e0 titre indicatif. La soci\u00e9t\u00e9 BOVEC ne s\u2019engage pas \u00e0 livrer sur un jour sp\u00e9cifique mais [&hellip;]\" \/>\n<meta property=\"og:url\" content=\"https:\/\/store-test.absglobal.com\/fr\/terms-and-conditions-fr\/\" \/>\n<meta property=\"og:site_name\" content=\"ABS Global Store France (BOVEC)\" \/>\n<meta property=\"article:modified_time\" content=\"2022-10-12T08:01:48+00:00\" \/>\n<meta name=\"twitter:card\" content=\"summary_large_image\" \/>\n<meta name=\"twitter:label1\" content=\"Est. reading time\" \/>\n\t<meta name=\"twitter:data1\" content=\"1 minute\" \/>\n<script type=\"application\/ld+json\" class=\"yoast-schema-graph\">{\"@context\":\"https:\/\/schema.org\",\"@graph\":[{\"@type\":\"WebPage\",\"@id\":\"https:\/\/store-test.absglobal.com\/fr\/terms-and-conditions-fr\/\",\"url\":\"https:\/\/store-test.absglobal.com\/fr\/terms-and-conditions-fr\/\",\"name\":\"Termes et Conditions - ABS Global Store France (BOVEC)\",\"isPartOf\":{\"@id\":\"https:\/\/store-test.absglobal.com\/fr\/#website\"},\"datePublished\":\"2022-06-17T13:21:42+00:00\",\"dateModified\":\"2022-10-12T08:01:48+00:00\",\"breadcrumb\":{\"@id\":\"https:\/\/store-test.absglobal.com\/fr\/terms-and-conditions-fr\/#breadcrumb\"},\"inLanguage\":\"en-US\",\"potentialAction\":[{\"@type\":\"ReadAction\",\"target\":[\"https:\/\/store-test.absglobal.com\/fr\/terms-and-conditions-fr\/\"]}]},{\"@type\":\"BreadcrumbList\",\"@id\":\"https:\/\/store-test.absglobal.com\/fr\/terms-and-conditions-fr\/#breadcrumb\",\"itemListElement\":[{\"@type\":\"ListItem\",\"position\":1,\"name\":\"Home\",\"item\":\"https:\/\/store-test.absglobal.com\/fr\/\"},{\"@type\":\"ListItem\",\"position\":2,\"name\":\"Termes et Conditions\"}]},{\"@type\":\"WebSite\",\"@id\":\"https:\/\/store-test.absglobal.com\/fr\/#website\",\"url\":\"https:\/\/store-test.absglobal.com\/fr\/\",\"name\":\"ABS Global Store France (BOVEC)\",\"description\":\"BOVEC e-Market\",\"potentialAction\":[{\"@type\":\"SearchAction\",\"target\":{\"@type\":\"EntryPoint\",\"urlTemplate\":\"https:\/\/store-test.absglobal.com\/fr\/?s={search_term_string}\"},\"query-input\":{\"@type\":\"PropertyValueSpecification\",\"valueRequired\":true,\"valueName\":\"search_term_string\"}}],\"inLanguage\":\"en-US\"}]}<\/script>\n<!-- \/ Yoast SEO Premium plugin. -->","yoast_head_json":{"title":"Termes et Conditions - ABS Global Store France (BOVEC)","robots":{"index":"index","follow":"follow","max-snippet":"max-snippet:-1","max-image-preview":"max-image-preview:large","max-video-preview":"max-video-preview:-1"},"canonical":"https:\/\/store-test.absglobal.com\/fr\/terms-and-conditions-fr\/","og_locale":"en_US","og_type":"article","og_title":"Termes et Conditions","og_description":"Conditions G\u00e9n\u00e9rales de Vente: Toute commande valid\u00e9e par le client engage irr\u00e9vocablement celui-ci Nos offres sont faites dans la limite des stocks et disponibilit\u00e9s tant de la soci\u00e9t\u00e9 que de ses fournisseurs. Les d\u00e9lais de livraison ne sont donn\u00e9es qu\u2019\u00e0 titre indicatif. La soci\u00e9t\u00e9 BOVEC ne s\u2019engage pas \u00e0 livrer sur un jour sp\u00e9cifique mais [&hellip;]","og_url":"https:\/\/store-test.absglobal.com\/fr\/terms-and-conditions-fr\/","og_site_name":"ABS Global Store France (BOVEC)","article_modified_time":"2022-10-12T08:01:48+00:00","twitter_card":"summary_large_image","twitter_misc":{"Est. reading time":"1 minute"},"schema":{"@context":"https:\/\/schema.org","@graph":[{"@type":"WebPage","@id":"https:\/\/store-test.absglobal.com\/fr\/terms-and-conditions-fr\/","url":"https:\/\/store-test.absglobal.com\/fr\/terms-and-conditions-fr\/","name":"Termes et Conditions - ABS Global Store France (BOVEC)","isPartOf":{"@id":"https:\/\/store-test.absglobal.com\/fr\/#website"},"datePublished":"2022-06-17T13:21:42+00:00","dateModified":"2022-10-12T08:01:48+00:00","breadcrumb":{"@id":"https:\/\/store-test.absglobal.com\/fr\/terms-and-conditions-fr\/#breadcrumb"},"inLanguage":"en-US","potentialAction":[{"@type":"ReadAction","target":["https:\/\/store-test.absglobal.com\/fr\/terms-and-conditions-fr\/"]}]},{"@type":"BreadcrumbList","@id":"https:\/\/store-test.absglobal.com\/fr\/terms-and-conditions-fr\/#breadcrumb","itemListElement":[{"@type":"ListItem","position":1,"name":"Home","item":"https:\/\/store-test.absglobal.com\/fr\/"},{"@type":"ListItem","position":2,"name":"Termes et Conditions"}]},{"@type":"WebSite","@id":"https:\/\/store-test.absglobal.com\/fr\/#website","url":"https:\/\/store-test.absglobal.com\/fr\/","name":"ABS Global Store France (BOVEC)","description":"BOVEC e-Market","potentialAction":[{"@type":"SearchAction","target":{"@type":"EntryPoint","urlTemplate":"https:\/\/store-test.absglobal.com\/fr\/?s={search_term_string}"},"query-input":{"@type":"PropertyValueSpecification","valueRequired":true,"valueName":"search_term_string"}}],"inLanguage":"en-US"}]}},"_links":{"self":[{"href":"https:\/\/store-test.absglobal.com\/fr\/wp-json\/wp\/v2\/pages\/41345"}],"collection":[{"href":"https:\/\/store-test.absglobal.com\/fr\/wp-json\/wp\/v2\/pages"}],"about":[{"href":"https:\/\/store-test.absglobal.com\/fr\/wp-json\/wp\/v2\/types\/page"}],"author":[{"embeddable":true,"href":"https:\/\/store-test.absglobal.com\/fr\/wp-json\/wp\/v2\/users\/6"}],"replies":[{"embeddable":true,"href":"https:\/\/store-test.absglobal.com\/fr\/wp-json\/wp\/v2\/comments?post=41345"}],"version-history":[{"count":6,"href":"https:\/\/store-test.absglobal.com\/fr\/wp-json\/wp\/v2\/pages\/41345\/revisions"}],"predecessor-version":[{"id":48346,"href":"https:\/\/store-test.absglobal.com\/fr\/wp-json\/wp\/v2\/pages\/41345\/revisions\/48346"}],"wp:attachment":[{"href":"https:\/\/store-test.absglobal.com\/fr\/wp-json\/wp\/v2\/media?parent=41345"}],"curies":[{"name":"wp","href":"https:\/\/api.w.org\/{rel}","templated":true}]}}