{"id":48568,"date":"2022-11-11T03:20:51","date_gmt":"2022-11-11T09:20:51","guid":{"rendered":"https:\/\/store-test.absglobal.com\/fr\/?page_id=48568"},"modified":"2022-11-11T03:27:18","modified_gmt":"2022-11-11T09:27:18","slug":"confidentialite","status":"publish","type":"page","link":"https:\/\/store-test.absglobal.com\/fr\/confidentialite\/","title":{"rendered":"Confidentialit\u00e9"},"content":{"rendered":"\n<p><strong>D\u00e9finitions<\/strong><\/p>\n\n\n\n<p>Il est convenu d\u2019attribuer aux mots commen\u00e7ant par une majuscule, qu\u2019ils soient au pluriel ou au singulier, la d\u00e9finition suivante :<br><br><strong>&#8211; Adresse IP :<\/strong>&nbsp;Nombre qui est automatiquement assign\u00e9 \u00e0 l\u2019ordinateur de l\u2019internaute par son fournisseur d&#8217;acc\u00e8s Internet lorsqu\u2019il navigue sur internet et qui permet de l\u2019identifier.<\/p>\n\n\n\n<p><strong>&#8211; Cookie (T\u00e9moin de connexion) :<\/strong>&nbsp;Un cookie est un petit fichier texte que votre navigateur stocke sur votre appareil. Les cookies sont transf\u00e9r\u00e9s dans le stockage permanent de votre appareil lorsque vous visitez notre site Web pour permettre au site de vous reconna\u00eetre lorsque vous visitez \u00e0 nouveau notre site Web et pour nous permettre d&#8217;am\u00e9liorer votre utilisation du site.<\/p>\n\n\n\n<p>Les cookies peuvent \u00eatre des cookies temporaires (ou de \u00absession\u00bb), qui ne sont utilis\u00e9s que lorsque vous visitez notre site Web et sont supprim\u00e9s lorsque vous fermez votre navigateur, ou des cookies permanents, qui restent sur la m\u00e9moire permanente de votre appareil apr\u00e8s avoir quitt\u00e9 notre site Web jusqu&#8217;\u00e0 ce que vous les supprimiez manuellement ou que votre navigateur les supprime apr\u00e8s un certain temps.<\/p>\n\n\n\n<p>Nous pouvons utiliser des cookies temporaires afin de nous souvenir de vous lorsque vous utilisez notre site Web, mais nous autorisons \u00e9galement des tiers (par exemple Google) \u00e0 utiliser des cookies analytiques (\u00e0 la fois temporaires et permanents) sur notre site Web pour compiler des informations agr\u00e9g\u00e9es sur les zones de notre site Web qui sont les plus visit\u00e9es.<\/p>\n\n\n\n<p>La plupart des param\u00e8tres du navigateur Web sont d\u00e9finis pour que vous acceptiez \u00e0 la fois nos propres cookies et les cookies tiers. Cependant, vous pouvez ajuster ces param\u00e8tres (en ce qui concerne \u00e0 la fois nos propres cookies et ceux de tiers) pour accepter les cookies, pour vous inviter \u00e0 accepter ou refuser un cookie \u00e0 chaque fois qu&#8217;il est envoy\u00e9, ou pour refuser cat\u00e9goriquement tous les cookies. Nous vous recommandons d&#8217;accepter \u00e0 la fois nos propres cookies et les cookies tiers pour une fonctionnalit\u00e9 optimale du site Web. Les param\u00e8tres du navigateur peuvent \u00eatre modifi\u00e9s dans votre barre d&#8217;outils.<\/p>\n\n\n\n<p><strong>&#8211; Site :&nbsp;<\/strong>il s\u2019agit du site bovec.fr<\/p>\n\n\n\n<p><strong>&#8211; Produit et Service :&nbsp;<\/strong>Ensemble des produits et services propos\u00e9s sur le Site \u00e0 tout internaute qu\u2019il soit ou non client de la soci\u00e9t\u00e9 BOVEC. Les produits ABS distribu\u00e9s par BOVEC sont approuv\u00e9s pour une utilisation en \u00e9levage bovin uniquement. Vous ne pouvez pas exporter des Produits ou distribuer, vendre ou transf\u00e9rer des Produits \u00e0 un tiers sans le consentement \u00e9crit expr\u00e8s de BOVEC. Le mat\u00e9riel g\u00e9n\u00e9tique ne peut \u00eatre utilis\u00e9 que sur des animaux que vous poss\u00e9dez ou louez dans le cours normal des affaires, sous r\u00e9serve des restrictions des pr\u00e9sentes Conditions. Vous ne pouvez pas sans le consentement \u00e9crit pr\u00e9alable de BOVEC: g\u00e9notyper, s\u00e9quencer, cloner, sexer, modifier le g\u00e9nome, analyser ou manipuler le g\u00e9nome; produire des descendants m\u00e2les \u00e0 partir de mat\u00e9riel g\u00e9n\u00e9tique dans le but de collecter et de vendre leur sperme; ou utiliser le mat\u00e9riel g\u00e9n\u00e9tique ou ses d\u00e9riv\u00e9s \u00e0 des fins de recherche ou de d\u00e9veloppement, y compris dans des programmes de recherche publics ou priv\u00e9s. La semence sex\u00e9e ne peut \u00eatre utilis\u00e9e que pour l&#8217;ins\u00e9mination artificielle unique d&#8217;un seul bovin, dans l&#8217;intention de produire une seule prog\u00e9niture.<\/p>\n\n\n\n<p>PROGRAMME ICON SIRES \u2122: Vous n&#8217;\u00eates pas autoris\u00e9 \u00e0 utiliser le mat\u00e9riel g\u00e9n\u00e9tique Icon Sires ou ses d\u00e9riv\u00e9s \u00e0 quelque fin que ce soit, quelle que soit la mani\u00e8re dont il est entr\u00e9 en votre possession, sans obtenir au pr\u00e9alable un droit conditionnel de le faire en signant un contrat Icon Sires. Les descendants m\u00e2les d&#8217;Icon Sires qui ne sont pas achet\u00e9s par ABS dans le cadre du contrat Icon Sires ne peuvent \u00eatre utilis\u00e9s dans votre troupeau que pour le service naturel ou vendus pour l&#8217;abattage, nonobstant toute clause contraire du contrat Icon Sires.<\/p>\n\n\n\n<p>PROGRAMME NUERA \u2122: La g\u00e9n\u00e9tique NuEra ne peut \u00eatre utilis\u00e9e que pour cr\u00e9er une prog\u00e9niture crois\u00e9e terminale (Bovin viande x Bovin laitier ou Bovin Viande x Bovin viande crois\u00e9) qui est vendue ou transf\u00e9r\u00e9e d&#8217;une autre mani\u00e8re dans la cha\u00eene d&#8217;approvisionnement de la fili\u00e8re Viande.<\/p>\n\n\n\n<p>Tous les droits sur le mat\u00e9riel g\u00e9n\u00e9tique non express\u00e9ment accord\u00e9s ci-dessous sont r\u00e9serv\u00e9s par ABS et sa filiale BOVEC, toutes les autres utilisations du mat\u00e9riel g\u00e9n\u00e9tique sont strictement interdites sans le consentement \u00e9crit pr\u00e9alable d&#8217;ABS et de sa filiale BOVEC.<\/p>\n\n\n\n<p>SERVICES D&#8217;\u00c9LEVAGE.<\/p>\n\n\n\n<p>Si vous achetez des services d&#8217;\u00e9levage propos\u00e9s par BOVEC, vous \u00eates responsable, \u00e0 vos frais, de la pr\u00e9paration des animaux conform\u00e9ment aux instructions de BOVEC. Des frais suppl\u00e9mentaires peuvent s&#8217;appliquer si les animaux ne sont pas correctement pr\u00e9par\u00e9s. Vous \u00eates responsable des produits non utilis\u00e9s pendant les services d&#8217;\u00e9levage, y compris les embryons frais. BOVEC peut fournir certains services via un sous-traitant.<\/p>\n\n\n\n<p><strong>Acc\u00e8s au Site :<\/strong><\/p>\n\n\n\n<p>L&#8217;acc\u00e8s au Site est r\u00e9serv\u00e9 \u00e0 un usage strictement personnel.<br>BOVEC se r\u00e9serve le droit de suspendre, d&#8217;interrompre ou de limiter sans avis pr\u00e9alable l&#8217;acc\u00e8s \u00e0 tout ou partie du site.<br>Les conditions d\u2019utilisation du Site ainsi que les mentions l\u00e9gales sont susceptibles d&#8217;\u00eatre modifi\u00e9es \u00e0 tout moment et sans pr\u00e9avis par BOVEC.<\/p>\n\n\n\n<p><strong>Utilisation du site<\/strong><\/p>\n\n\n\n<p>En utilisant le site, l\u2019internaute s\u2019engage \u00e0 prendre connaissance des mentions l\u00e9gales, respecter les pr\u00e9sentes conditions d\u2019utilisation du Site et faire un usage strictement personnel du site.<br><br>Sous r\u00e9serve des dispositions sp\u00e9cifiques applicables aux donn\u00e9es personnelles, toutes les informations transmises par l\u2019internaute sur Internet, notamment via le Site, seront consid\u00e9r\u00e9es comme non confidentielles. L\u2019internaute autorise BOVEC \u00e0 utiliser les informations qu\u2019il aura ainsi transmises.<br><br><strong>Lien vers d&#8217;autres sites<\/strong><\/p>\n\n\n\n<p>Il peut \u00eatre propos\u00e9 des liens depuis les Sites vers des sites tiers. Ces sites sont ind\u00e9pendants, BOVEC n&#8217;\u00e9dite pas et ne contr\u00f4le pas ces sites. Les liens vers tous sites ne constituent, en aucun cas, une approbation ou un partenariat entre BOVEC et ces sites. D\u00e8s lors, BOVEC ne saurait \u00eatre responsable de leurs contenus, leurs produits, leurs publicit\u00e9s ou tous \u00e9l\u00e9ments ou services pr\u00e9sent\u00e9s sur ces sites. Par ailleurs, ces sites sont soumis \u00e0 leurs propres conditions d&#8217;utilisation.<\/p>\n\n\n\n<p><strong>Donn\u00e9es personnelles<\/strong><\/p>\n\n\n\n<p>Conform\u00e9ment aux lois et r\u00e8glementations fran\u00e7aises et europ\u00e9ennes en vigueur, BOVEC collecte et traite des donn\u00e9es personnelles concernant les internautes dans le cadre de leur navigation sur notre Site (voir notre politique de gestion des cookies).<br><br>BOVEC peut utiliser l\u2019adresse IP de l\u2019internaute si elle estime n\u00e9cessaire de faire respecter ses conditions d\u2019utilisation ou de prot\u00e9ger ses services, ses clients ou encore sur demande des autorit\u00e9s judiciaires.<br>\u00a0<\/p>\n\n\n\n<p><strong>Interaction de BOVEC avec les internautes<\/strong><\/p>\n\n\n\n<p>Afin d\u2019am\u00e9liorer le suivi de sa relation avec le client et d\u2019assurer un service personnalis\u00e9, BOVEC peut collecter les coordonn\u00e9es des internautes en parfait acc\u00e8s avec celui-ci.<\/p>\n\n\n\n<p><strong>Propri\u00e9t\u00e9 de BOVEC<\/strong><\/p>\n\n\n\n<p>L\u2019ensemble des contenus (photos, textes, vid\u00e9os, etc.) consultables sur le Site et\/ou via les Services sont et demeurent la propri\u00e9t\u00e9 exclusive de BOVEC et\/ou de ses partenaires. L\u2019internaute n\u2019est donc pas habilit\u00e9 \u00e0 reproduire, repr\u00e9senter ou commercialiser ces contenus en dehors des cas pr\u00e9vus par la loi ou express\u00e9ment autoris\u00e9s par leur propri\u00e9taire.<br><br>En toute hypoth\u00e8se, l\u2019internaute ne peut r\u00e9aliser aucune utilisation secondaire des contenus du Site \u00e0 titre on\u00e9reux ou gratuit. Pour toute r\u00e9alisation d\u2019un lien avec le Site, l\u2019internaute devra contacter au pr\u00e9alable BOVEC \u00e0 l\u2019adresse suivante afin d\u2019obtenir l\u2019autorisation n\u00e9cessaire \u00e0 cet effet : Bovec SAS &#8211; 69, Chemin des Moli\u00e8res &#8211; PA du Charpenay &#8211; 69210 Lentilly<br><br>Le non-respect de cette interdiction peut notamment constituer une contrefa\u00e7on des droits de propri\u00e9t\u00e9 intellectuelle ou une atteinte aux droits des personnes et peut \u00e0 ce titre engager la responsabilit\u00e9 de l\u2019internaute, y compris dans le cadre d&#8217;une action p\u00e9nale.<\/p>\n\n\n\n<p><strong>Loi applicable<\/strong><\/p>\n\n\n\n<p>Le Site est r\u00e9gi par la loi fran\u00e7aise. Les pr\u00e9sentes conditions g\u00e9n\u00e9rales d\u2019utilisation et mentions l\u00e9gales sont soumises au droit fran\u00e7ais. En cas de diff\u00e9rend et \u00e0 d\u00e9faut d\u2019accord amiable, le litige sera port\u00e9 devant les tribunaux fran\u00e7ais conform\u00e9ment aux r\u00e8gles de comp\u00e9tence en vigueur.<\/p>\n","protected":false},"excerpt":{"rendered":"<p>D\u00e9finitions Il est convenu d\u2019attribuer aux mots commen\u00e7ant par une majuscule, qu\u2019ils soient au pluriel ou au singulier, la d\u00e9finition suivante : &#8211; Adresse IP :&nbsp;Nombre qui est automatiquement assign\u00e9 \u00e0 l\u2019ordinateur de l\u2019internaute par son fournisseur d&#8217;acc\u00e8s Internet lorsqu\u2019il navigue sur internet et qui permet de l\u2019identifier. &#8211; Cookie (T\u00e9moin de connexion) :&nbsp;Un cookie [&hellip;]<\/p>\n","protected":false},"author":3,"featured_media":0,"parent":0,"menu_order":0,"comment_status":"closed","ping_status":"closed","template":"","meta":{"_acf_changed":false,"content-type":"","inline_featured_image":false,"_editorskit_title_hidden":false,"_editorskit_reading_time":0,"_editorskit_is_block_options_detached":false,"_editorskit_block_options_position":"{}","footnotes":""},"class_list":["post-48568","page","type-page","status-publish"],"acf":[],"yoast_head":"<!-- This site is optimized with the Yoast SEO Premium plugin v22.1 (Yoast SEO v25.3) - https:\/\/yoast.com\/wordpress\/plugins\/seo\/ -->\n<title>Confidentialit\u00e9 - ABS Global Store France (BOVEC)<\/title>\n<meta name=\"robots\" content=\"index, follow, max-snippet:-1, max-image-preview:large, max-video-preview:-1\" \/>\n<link rel=\"canonical\" href=\"https:\/\/store-test.absglobal.com\/fr\/confidentialite\/\" \/>\n<meta property=\"og:locale\" content=\"en_US\" \/>\n<meta property=\"og:type\" content=\"article\" \/>\n<meta property=\"og:title\" content=\"Confidentialit\u00e9\" \/>\n<meta property=\"og:description\" content=\"D\u00e9finitions Il est convenu d\u2019attribuer aux mots commen\u00e7ant par une majuscule, qu\u2019ils soient au pluriel ou au singulier, la d\u00e9finition suivante : &#8211; Adresse IP :&nbsp;Nombre qui est automatiquement assign\u00e9 \u00e0 l\u2019ordinateur de l\u2019internaute par son fournisseur d&#8217;acc\u00e8s Internet lorsqu\u2019il navigue sur internet et qui permet de l\u2019identifier. &#8211; Cookie (T\u00e9moin de connexion) :&nbsp;Un cookie [&hellip;]\" \/>\n<meta property=\"og:url\" content=\"https:\/\/store-test.absglobal.com\/fr\/confidentialite\/\" \/>\n<meta property=\"og:site_name\" content=\"ABS Global Store France (BOVEC)\" \/>\n<meta property=\"article:modified_time\" content=\"2022-11-11T09:27:18+00:00\" \/>\n<meta name=\"twitter:card\" content=\"summary_large_image\" \/>\n<meta name=\"twitter:label1\" content=\"Est. reading time\" \/>\n\t<meta name=\"twitter:data1\" content=\"6 minutes\" \/>\n<script type=\"application\/ld+json\" class=\"yoast-schema-graph\">{\"@context\":\"https:\/\/schema.org\",\"@graph\":[{\"@type\":\"WebPage\",\"@id\":\"https:\/\/store-test.absglobal.com\/fr\/confidentialite\/\",\"url\":\"https:\/\/store-test.absglobal.com\/fr\/confidentialite\/\",\"name\":\"Confidentialit\u00e9 - ABS Global Store France (BOVEC)\",\"isPartOf\":{\"@id\":\"https:\/\/store-test.absglobal.com\/fr\/#website\"},\"datePublished\":\"2022-11-11T09:20:51+00:00\",\"dateModified\":\"2022-11-11T09:27:18+00:00\",\"breadcrumb\":{\"@id\":\"https:\/\/store-test.absglobal.com\/fr\/confidentialite\/#breadcrumb\"},\"inLanguage\":\"en-US\",\"potentialAction\":[{\"@type\":\"ReadAction\",\"target\":[\"https:\/\/store-test.absglobal.com\/fr\/confidentialite\/\"]}]},{\"@type\":\"BreadcrumbList\",\"@id\":\"https:\/\/store-test.absglobal.com\/fr\/confidentialite\/#breadcrumb\",\"itemListElement\":[{\"@type\":\"ListItem\",\"position\":1,\"name\":\"Home\",\"item\":\"https:\/\/store-test.absglobal.com\/fr\/\"},{\"@type\":\"ListItem\",\"position\":2,\"name\":\"Confidentialit\u00e9\"}]},{\"@type\":\"WebSite\",\"@id\":\"https:\/\/store-test.absglobal.com\/fr\/#website\",\"url\":\"https:\/\/store-test.absglobal.com\/fr\/\",\"name\":\"ABS Global Store France (BOVEC)\",\"description\":\"BOVEC e-Market\",\"potentialAction\":[{\"@type\":\"SearchAction\",\"target\":{\"@type\":\"EntryPoint\",\"urlTemplate\":\"https:\/\/store-test.absglobal.com\/fr\/?s={search_term_string}\"},\"query-input\":{\"@type\":\"PropertyValueSpecification\",\"valueRequired\":true,\"valueName\":\"search_term_string\"}}],\"inLanguage\":\"en-US\"}]}<\/script>\n<!-- \/ Yoast SEO Premium plugin. -->","yoast_head_json":{"title":"Confidentialit\u00e9 - ABS Global Store France (BOVEC)","robots":{"index":"index","follow":"follow","max-snippet":"max-snippet:-1","max-image-preview":"max-image-preview:large","max-video-preview":"max-video-preview:-1"},"canonical":"https:\/\/store-test.absglobal.com\/fr\/confidentialite\/","og_locale":"en_US","og_type":"article","og_title":"Confidentialit\u00e9","og_description":"D\u00e9finitions Il est convenu d\u2019attribuer aux mots commen\u00e7ant par une majuscule, qu\u2019ils soient au pluriel ou au singulier, la d\u00e9finition suivante : &#8211; Adresse IP :&nbsp;Nombre qui est automatiquement assign\u00e9 \u00e0 l\u2019ordinateur de l\u2019internaute par son fournisseur d&#8217;acc\u00e8s Internet lorsqu\u2019il navigue sur internet et qui permet de l\u2019identifier. &#8211; Cookie (T\u00e9moin de connexion) :&nbsp;Un cookie [&hellip;]","og_url":"https:\/\/store-test.absglobal.com\/fr\/confidentialite\/","og_site_name":"ABS Global Store France (BOVEC)","article_modified_time":"2022-11-11T09:27:18+00:00","twitter_card":"summary_large_image","twitter_misc":{"Est. reading time":"6 minutes"},"schema":{"@context":"https:\/\/schema.org","@graph":[{"@type":"WebPage","@id":"https:\/\/store-test.absglobal.com\/fr\/confidentialite\/","url":"https:\/\/store-test.absglobal.com\/fr\/confidentialite\/","name":"Confidentialit\u00e9 - ABS Global Store France (BOVEC)","isPartOf":{"@id":"https:\/\/store-test.absglobal.com\/fr\/#website"},"datePublished":"2022-11-11T09:20:51+00:00","dateModified":"2022-11-11T09:27:18+00:00","breadcrumb":{"@id":"https:\/\/store-test.absglobal.com\/fr\/confidentialite\/#breadcrumb"},"inLanguage":"en-US","potentialAction":[{"@type":"ReadAction","target":["https:\/\/store-test.absglobal.com\/fr\/confidentialite\/"]}]},{"@type":"BreadcrumbList","@id":"https:\/\/store-test.absglobal.com\/fr\/confidentialite\/#breadcrumb","itemListElement":[{"@type":"ListItem","position":1,"name":"Home","item":"https:\/\/store-test.absglobal.com\/fr\/"},{"@type":"ListItem","position":2,"name":"Confidentialit\u00e9"}]},{"@type":"WebSite","@id":"https:\/\/store-test.absglobal.com\/fr\/#website","url":"https:\/\/store-test.absglobal.com\/fr\/","name":"ABS Global Store France (BOVEC)","description":"BOVEC e-Market","potentialAction":[{"@type":"SearchAction","target":{"@type":"EntryPoint","urlTemplate":"https:\/\/store-test.absglobal.com\/fr\/?s={search_term_string}"},"query-input":{"@type":"PropertyValueSpecification","valueRequired":true,"valueName":"search_term_string"}}],"inLanguage":"en-US"}]}},"_links":{"self":[{"href":"https:\/\/store-test.absglobal.com\/fr\/wp-json\/wp\/v2\/pages\/48568"}],"collection":[{"href":"https:\/\/store-test.absglobal.com\/fr\/wp-json\/wp\/v2\/pages"}],"about":[{"href":"https:\/\/store-test.absglobal.com\/fr\/wp-json\/wp\/v2\/types\/page"}],"author":[{"embeddable":true,"href":"https:\/\/store-test.absglobal.com\/fr\/wp-json\/wp\/v2\/users\/3"}],"replies":[{"embeddable":true,"href":"https:\/\/store-test.absglobal.com\/fr\/wp-json\/wp\/v2\/comments?post=48568"}],"version-history":[{"count":3,"href":"https:\/\/store-test.absglobal.com\/fr\/wp-json\/wp\/v2\/pages\/48568\/revisions"}],"predecessor-version":[{"id":48572,"href":"https:\/\/store-test.absglobal.com\/fr\/wp-json\/wp\/v2\/pages\/48568\/revisions\/48572"}],"wp:attachment":[{"href":"https:\/\/store-test.absglobal.com\/fr\/wp-json\/wp\/v2\/media?parent=48568"}],"curies":[{"name":"wp","href":"https:\/\/api.w.org\/{rel}","templated":true}]}}