{"id":48586,"date":"2022-11-14T02:51:16","date_gmt":"2022-11-14T08:51:16","guid":{"rendered":"https:\/\/store-test.absglobal.com\/fr\/?page_id=48586"},"modified":"2022-11-14T02:51:32","modified_gmt":"2022-11-14T08:51:32","slug":"thank-you-fr","status":"publish","type":"page","link":"https:\/\/store-test.absglobal.com\/fr\/thank-you-fr\/","title":{"rendered":"Merci"},"content":{"rendered":"\n<p>Veuillez rechercher l&#8217;e-mail de v\u00e9rification dans votre bo\u00eete de r\u00e9ception (il est peut-\u00eatre entr\u00e9 dans le spam ou le courrier ind\u00e9sirable) et cliquez sur le lien dans cet e-mail. Un message de confirmation appara\u00eetra dans votre navigateur Web.<\/p>\n\n\n\n<p>Avoir des probl\u00e8mes? <a href=\"https:\/\/store-test.absglobal.com\/fr\/contact-us-fr\/\" class=\"ek-link\">Nous contacter<\/a><\/p>\n\n\n\n<p><a href=\"https:\/\/store-test.absglobal.com\/fr\/ad-login-fr\/\" class=\"ek-link\">Continuera<\/a><\/p>\n","protected":false},"excerpt":{"rendered":"<p>Veuillez rechercher l&#8217;e-mail de v\u00e9rification dans votre bo\u00eete de r\u00e9ception (il est peut-\u00eatre entr\u00e9 dans le spam ou le courrier ind\u00e9sirable) et cliquez sur le lien dans cet e-mail. Un message de confirmation appara\u00eetra dans votre navigateur Web. Avoir des probl\u00e8mes? Nous contacter Continuera<\/p>\n","protected":false},"author":8920,"featured_media":0,"parent":0,"menu_order":0,"comment_status":"closed","ping_status":"closed","template":"","meta":{"_acf_changed":false,"content-type":"","inline_featured_image":false,"_editorskit_title_hidden":false,"_editorskit_reading_time":1,"_editorskit_is_block_options_detached":false,"_editorskit_block_options_position":"{}","footnotes":""},"class_list":["post-48586","page","type-page","status-publish"],"acf":[],"yoast_head":"<!-- This site is optimized with the Yoast SEO Premium plugin v22.1 (Yoast SEO v25.3) - https:\/\/yoast.com\/wordpress\/plugins\/seo\/ -->\n<title>Merci - ABS Global Store France (BOVEC)<\/title>\n<meta name=\"robots\" content=\"index, follow, max-snippet:-1, max-image-preview:large, max-video-preview:-1\" \/>\n<link rel=\"canonical\" href=\"https:\/\/store-test.absglobal.com\/fr\/thank-you-fr\/\" \/>\n<meta property=\"og:locale\" content=\"en_US\" \/>\n<meta property=\"og:type\" content=\"article\" \/>\n<meta property=\"og:title\" content=\"Merci\" \/>\n<meta property=\"og:description\" content=\"Veuillez rechercher l&#8217;e-mail de v\u00e9rification dans votre bo\u00eete de r\u00e9ception (il est peut-\u00eatre entr\u00e9 dans le spam ou le courrier ind\u00e9sirable) et cliquez sur le lien dans cet e-mail. Un message de confirmation appara\u00eetra dans votre navigateur Web. Avoir des probl\u00e8mes? Nous contacter Continuera\" \/>\n<meta property=\"og:url\" content=\"https:\/\/store-test.absglobal.com\/fr\/thank-you-fr\/\" \/>\n<meta property=\"og:site_name\" content=\"ABS Global Store France (BOVEC)\" \/>\n<meta property=\"article:modified_time\" content=\"2022-11-14T08:51:32+00:00\" \/>\n<meta name=\"twitter:card\" content=\"summary_large_image\" \/>\n<meta name=\"twitter:label1\" content=\"Est. reading time\" \/>\n\t<meta name=\"twitter:data1\" content=\"1 minute\" \/>\n<script type=\"application\/ld+json\" class=\"yoast-schema-graph\">{\"@context\":\"https:\/\/schema.org\",\"@graph\":[{\"@type\":\"WebPage\",\"@id\":\"https:\/\/store-test.absglobal.com\/fr\/thank-you-fr\/\",\"url\":\"https:\/\/store-test.absglobal.com\/fr\/thank-you-fr\/\",\"name\":\"Merci - ABS Global Store France (BOVEC)\",\"isPartOf\":{\"@id\":\"https:\/\/store-test.absglobal.com\/fr\/#website\"},\"datePublished\":\"2022-11-14T08:51:16+00:00\",\"dateModified\":\"2022-11-14T08:51:32+00:00\",\"breadcrumb\":{\"@id\":\"https:\/\/store-test.absglobal.com\/fr\/thank-you-fr\/#breadcrumb\"},\"inLanguage\":\"en-US\",\"potentialAction\":[{\"@type\":\"ReadAction\",\"target\":[\"https:\/\/store-test.absglobal.com\/fr\/thank-you-fr\/\"]}]},{\"@type\":\"BreadcrumbList\",\"@id\":\"https:\/\/store-test.absglobal.com\/fr\/thank-you-fr\/#breadcrumb\",\"itemListElement\":[{\"@type\":\"ListItem\",\"position\":1,\"name\":\"Home\",\"item\":\"https:\/\/store-test.absglobal.com\/fr\/\"},{\"@type\":\"ListItem\",\"position\":2,\"name\":\"Merci\"}]},{\"@type\":\"WebSite\",\"@id\":\"https:\/\/store-test.absglobal.com\/fr\/#website\",\"url\":\"https:\/\/store-test.absglobal.com\/fr\/\",\"name\":\"ABS Global Store France (BOVEC)\",\"description\":\"BOVEC e-Market\",\"potentialAction\":[{\"@type\":\"SearchAction\",\"target\":{\"@type\":\"EntryPoint\",\"urlTemplate\":\"https:\/\/store-test.absglobal.com\/fr\/?s={search_term_string}\"},\"query-input\":{\"@type\":\"PropertyValueSpecification\",\"valueRequired\":true,\"valueName\":\"search_term_string\"}}],\"inLanguage\":\"en-US\"}]}<\/script>\n<!-- \/ Yoast SEO Premium plugin. -->","yoast_head_json":{"title":"Merci - ABS Global Store France (BOVEC)","robots":{"index":"index","follow":"follow","max-snippet":"max-snippet:-1","max-image-preview":"max-image-preview:large","max-video-preview":"max-video-preview:-1"},"canonical":"https:\/\/store-test.absglobal.com\/fr\/thank-you-fr\/","og_locale":"en_US","og_type":"article","og_title":"Merci","og_description":"Veuillez rechercher l&#8217;e-mail de v\u00e9rification dans votre bo\u00eete de r\u00e9ception (il est peut-\u00eatre entr\u00e9 dans le spam ou le courrier ind\u00e9sirable) et cliquez sur le lien dans cet e-mail. Un message de confirmation appara\u00eetra dans votre navigateur Web. Avoir des probl\u00e8mes? Nous contacter Continuera","og_url":"https:\/\/store-test.absglobal.com\/fr\/thank-you-fr\/","og_site_name":"ABS Global Store France (BOVEC)","article_modified_time":"2022-11-14T08:51:32+00:00","twitter_card":"summary_large_image","twitter_misc":{"Est. reading time":"1 minute"},"schema":{"@context":"https:\/\/schema.org","@graph":[{"@type":"WebPage","@id":"https:\/\/store-test.absglobal.com\/fr\/thank-you-fr\/","url":"https:\/\/store-test.absglobal.com\/fr\/thank-you-fr\/","name":"Merci - ABS Global Store France (BOVEC)","isPartOf":{"@id":"https:\/\/store-test.absglobal.com\/fr\/#website"},"datePublished":"2022-11-14T08:51:16+00:00","dateModified":"2022-11-14T08:51:32+00:00","breadcrumb":{"@id":"https:\/\/store-test.absglobal.com\/fr\/thank-you-fr\/#breadcrumb"},"inLanguage":"en-US","potentialAction":[{"@type":"ReadAction","target":["https:\/\/store-test.absglobal.com\/fr\/thank-you-fr\/"]}]},{"@type":"BreadcrumbList","@id":"https:\/\/store-test.absglobal.com\/fr\/thank-you-fr\/#breadcrumb","itemListElement":[{"@type":"ListItem","position":1,"name":"Home","item":"https:\/\/store-test.absglobal.com\/fr\/"},{"@type":"ListItem","position":2,"name":"Merci"}]},{"@type":"WebSite","@id":"https:\/\/store-test.absglobal.com\/fr\/#website","url":"https:\/\/store-test.absglobal.com\/fr\/","name":"ABS Global Store France (BOVEC)","description":"BOVEC e-Market","potentialAction":[{"@type":"SearchAction","target":{"@type":"EntryPoint","urlTemplate":"https:\/\/store-test.absglobal.com\/fr\/?s={search_term_string}"},"query-input":{"@type":"PropertyValueSpecification","valueRequired":true,"valueName":"search_term_string"}}],"inLanguage":"en-US"}]}},"_links":{"self":[{"href":"https:\/\/store-test.absglobal.com\/fr\/wp-json\/wp\/v2\/pages\/48586"}],"collection":[{"href":"https:\/\/store-test.absglobal.com\/fr\/wp-json\/wp\/v2\/pages"}],"about":[{"href":"https:\/\/store-test.absglobal.com\/fr\/wp-json\/wp\/v2\/types\/page"}],"author":[{"embeddable":true,"href":"https:\/\/store-test.absglobal.com\/fr\/wp-json\/wp\/v2\/users\/8920"}],"replies":[{"embeddable":true,"href":"https:\/\/store-test.absglobal.com\/fr\/wp-json\/wp\/v2\/comments?post=48586"}],"version-history":[{"count":1,"href":"https:\/\/store-test.absglobal.com\/fr\/wp-json\/wp\/v2\/pages\/48586\/revisions"}],"predecessor-version":[{"id":48587,"href":"https:\/\/store-test.absglobal.com\/fr\/wp-json\/wp\/v2\/pages\/48586\/revisions\/48587"}],"wp:attachment":[{"href":"https:\/\/store-test.absglobal.com\/fr\/wp-json\/wp\/v2\/media?parent=48586"}],"curies":[{"name":"wp","href":"https:\/\/api.w.org\/{rel}","templated":true}]}}