{"id":48540,"date":"2022-11-03T03:52:03","date_gmt":"2022-11-03T09:52:03","guid":{"rendered":"https:\/\/store-test.absglobal.com\/fr\/?post_type=product&#038;p=48540"},"modified":"2023-11-02T05:48:27","modified_gmt":"2023-11-02T11:48:27","slug":"great","status":"publish","type":"product","link":"https:\/\/store-test.absglobal.com\/fr\/produit\/great\/","title":{"rendered":"GREAT"},"content":{"rendered":"<p>Le tout premier fils de Captivating disponible \u00e0 BOVEC<\/p>\n<ul>\n<li>GREAT est un expert des taux et de la sant\u00e9 mamelle<\/li>\n<li>Fid\u00e8le au programme Linear Choice chez ABS St Jacobs, son profil est complet avec des pis dot\u00e9s de superbes attaches<\/li>\n<li>Il engendre une excellente facilit\u00e9 de naissance<\/li>\n<\/ul>\n\n","protected":false},"excerpt":{"rendered":"<p><strong>1.<\/strong> S\u00e9lectionnez le type de semence, entrez la quantit\u00e9 et ajoutez \u00e0 votre r\u00e9servation. Vous pouvez ajouter des taureaux suppl\u00e9mentaires \u00e0 votre r\u00e9servation.<\/p>\n<p><strong>2.<\/strong> Cliquez sur le panier en haut \u00e0 droite.<\/p>\n<p><strong>3.<\/strong> Compl\u00e9tez le formulaire et cliquez sur Soumettre ma r\u00e9servation.<\/p>\n<p><strong>4.<\/strong> Nous vous ferons un suivi de votre r\u00e9servation<\/p>\n","protected":false},"featured_media":49134,"template":"","meta":{"_acf_changed":false,"content-type":"","inline_featured_image":false,"_editorskit_title_hidden":false,"_editorskit_reading_time":0,"_editorskit_is_block_options_detached":false,"_editorskit_block_options_position":"{}"},"product_cat":[1829,1830],"product_tag":[],"class_list":{"0":"post-48540","1":"product","2":"type-product","3":"status-publish","4":"has-post-thumbnail","6":"product_cat-semence-laitiere","7":"product_cat-holstein-semence-laitiere","8":"pa_type-2-conventionelle","9":"pa_type-2-sexcel"},"acf":[],"yoast_head":"<!-- This site is optimized with the Yoast SEO Premium plugin v22.1 (Yoast SEO v25.3) - https:\/\/yoast.com\/wordpress\/plugins\/seo\/ -->\n<title>GREAT - ABS Global Store France (BOVEC)<\/title>\n<meta name=\"robots\" content=\"index, follow, max-snippet:-1, max-image-preview:large, max-video-preview:-1\" \/>\n<link rel=\"canonical\" href=\"https:\/\/store-test.absglobal.com\/fr\/produit\/great\/\" \/>\n<meta property=\"og:locale\" content=\"en_US\" \/>\n<meta property=\"og:type\" content=\"article\" \/>\n<meta property=\"og:title\" content=\"GREAT\" \/>\n<meta property=\"og:description\" content=\"1. S\u00e9lectionnez le type de semence, entrez la quantit\u00e9 et ajoutez \u00e0 votre r\u00e9servation. Vous pouvez ajouter des taureaux suppl\u00e9mentaires \u00e0 votre r\u00e9servation.  2. Cliquez sur le panier en haut \u00e0 droite.  3. Compl\u00e9tez le formulaire et cliquez sur Soumettre ma r\u00e9servation.  4. Nous vous ferons un suivi de votre r\u00e9servation\" \/>\n<meta property=\"og:url\" content=\"https:\/\/store-test.absglobal.com\/fr\/produit\/great\/\" \/>\n<meta property=\"og:site_name\" content=\"ABS Global Store France (BOVEC)\" \/>\n<meta property=\"article:modified_time\" content=\"2023-11-02T11:48:27+00:00\" \/>\n<meta property=\"og:image\" content=\"https:\/\/assets.absglobal.com\/filestore\/1\/3\/6\/1\/0_418793af236e3aa\/13610scr_07ac892d18a16cc.jpg?v=1675424671\" \/>\n<meta name=\"twitter:card\" content=\"summary_large_image\" \/>\n<meta name=\"twitter:image\" content=\"https:\/\/assets.absglobal.com\/filestore\/1\/3\/6\/1\/0_418793af236e3aa\/13610scr_07ac892d18a16cc.jpg?v=1675424671\" \/>\n<meta name=\"twitter:label1\" content=\"Est. reading time\" \/>\n\t<meta name=\"twitter:data1\" content=\"1 minute\" \/>\n<script type=\"application\/ld+json\" class=\"yoast-schema-graph\">{\"@context\":\"https:\/\/schema.org\",\"@graph\":[{\"@type\":\"WebPage\",\"@id\":\"https:\/\/store-test.absglobal.com\/fr\/produit\/great\/\",\"url\":\"https:\/\/store-test.absglobal.com\/fr\/produit\/great\/\",\"name\":\"GREAT - ABS Global Store France (BOVEC)\",\"isPartOf\":{\"@id\":\"https:\/\/store-test.absglobal.com\/fr\/#website\"},\"primaryImageOfPage\":{\"@id\":\"https:\/\/store-test.absglobal.com\/fr\/produit\/great\/#primaryimage\"},\"image\":{\"@id\":\"https:\/\/store-test.absglobal.com\/fr\/produit\/great\/#primaryimage\"},\"thumbnailUrl\":\"https:\/\/assets.absglobal.com\/filestore\/1\/3\/6\/1\/0_418793af236e3aa\/13610scr_07ac892d18a16cc.jpg?v=1675424671\",\"datePublished\":\"2022-11-03T09:52:03+00:00\",\"dateModified\":\"2023-11-02T11:48:27+00:00\",\"breadcrumb\":{\"@id\":\"https:\/\/store-test.absglobal.com\/fr\/produit\/great\/#breadcrumb\"},\"inLanguage\":\"en-US\",\"potentialAction\":[{\"@type\":\"ReadAction\",\"target\":[\"https:\/\/store-test.absglobal.com\/fr\/produit\/great\/\"]}]},{\"@type\":\"ImageObject\",\"inLanguage\":\"en-US\",\"@id\":\"https:\/\/store-test.absglobal.com\/fr\/produit\/great\/#primaryimage\",\"url\":\"https:\/\/assets.absglobal.com\/filestore\/1\/3\/6\/1\/0_418793af236e3aa\/13610scr_07ac892d18a16cc.jpg?v=1675424671\",\"contentUrl\":\"https:\/\/assets.absglobal.com\/filestore\/1\/3\/6\/1\/0_418793af236e3aa\/13610scr_07ac892d18a16cc.jpg?v=1675424671\"},{\"@type\":\"BreadcrumbList\",\"@id\":\"https:\/\/store-test.absglobal.com\/fr\/produit\/great\/#breadcrumb\",\"itemListElement\":[{\"@type\":\"ListItem\",\"position\":1,\"name\":\"Home\",\"item\":\"https:\/\/store-test.absglobal.com\/fr\/\"},{\"@type\":\"ListItem\",\"position\":2,\"name\":\"Store\",\"item\":\"https:\/\/store-test.absglobal.com\/fr\/?page_id=5\"},{\"@type\":\"ListItem\",\"position\":3,\"name\":\"GREAT\"}]},{\"@type\":\"WebSite\",\"@id\":\"https:\/\/store-test.absglobal.com\/fr\/#website\",\"url\":\"https:\/\/store-test.absglobal.com\/fr\/\",\"name\":\"ABS Global Store France (BOVEC)\",\"description\":\"BOVEC e-Market\",\"potentialAction\":[{\"@type\":\"SearchAction\",\"target\":{\"@type\":\"EntryPoint\",\"urlTemplate\":\"https:\/\/store-test.absglobal.com\/fr\/?s={search_term_string}\"},\"query-input\":{\"@type\":\"PropertyValueSpecification\",\"valueRequired\":true,\"valueName\":\"search_term_string\"}}],\"inLanguage\":\"en-US\"}]}<\/script>\n<!-- \/ Yoast SEO Premium plugin. -->","yoast_head_json":{"title":"GREAT - ABS Global Store France (BOVEC)","robots":{"index":"index","follow":"follow","max-snippet":"max-snippet:-1","max-image-preview":"max-image-preview:large","max-video-preview":"max-video-preview:-1"},"canonical":"https:\/\/store-test.absglobal.com\/fr\/produit\/great\/","og_locale":"en_US","og_type":"article","og_title":"GREAT","og_description":"1. S\u00e9lectionnez le type de semence, entrez la quantit\u00e9 et ajoutez \u00e0 votre r\u00e9servation. Vous pouvez ajouter des taureaux suppl\u00e9mentaires \u00e0 votre r\u00e9servation.  2. Cliquez sur le panier en haut \u00e0 droite.  3. Compl\u00e9tez le formulaire et cliquez sur Soumettre ma r\u00e9servation.  4. Nous vous ferons un suivi de votre r\u00e9servation","og_url":"https:\/\/store-test.absglobal.com\/fr\/produit\/great\/","og_site_name":"ABS Global Store France (BOVEC)","article_modified_time":"2023-11-02T11:48:27+00:00","og_image":[{"url":"https:\/\/assets.absglobal.com\/filestore\/1\/3\/6\/1\/0_418793af236e3aa\/13610scr_07ac892d18a16cc.jpg?v=1675424671","type":"","width":"","height":""}],"twitter_card":"summary_large_image","twitter_image":"https:\/\/assets.absglobal.com\/filestore\/1\/3\/6\/1\/0_418793af236e3aa\/13610scr_07ac892d18a16cc.jpg?v=1675424671","twitter_misc":{"Est. reading time":"1 minute"},"schema":{"@context":"https:\/\/schema.org","@graph":[{"@type":"WebPage","@id":"https:\/\/store-test.absglobal.com\/fr\/produit\/great\/","url":"https:\/\/store-test.absglobal.com\/fr\/produit\/great\/","name":"GREAT - ABS Global Store France (BOVEC)","isPartOf":{"@id":"https:\/\/store-test.absglobal.com\/fr\/#website"},"primaryImageOfPage":{"@id":"https:\/\/store-test.absglobal.com\/fr\/produit\/great\/#primaryimage"},"image":{"@id":"https:\/\/store-test.absglobal.com\/fr\/produit\/great\/#primaryimage"},"thumbnailUrl":"https:\/\/assets.absglobal.com\/filestore\/1\/3\/6\/1\/0_418793af236e3aa\/13610scr_07ac892d18a16cc.jpg?v=1675424671","datePublished":"2022-11-03T09:52:03+00:00","dateModified":"2023-11-02T11:48:27+00:00","breadcrumb":{"@id":"https:\/\/store-test.absglobal.com\/fr\/produit\/great\/#breadcrumb"},"inLanguage":"en-US","potentialAction":[{"@type":"ReadAction","target":["https:\/\/store-test.absglobal.com\/fr\/produit\/great\/"]}]},{"@type":"ImageObject","inLanguage":"en-US","@id":"https:\/\/store-test.absglobal.com\/fr\/produit\/great\/#primaryimage","url":"https:\/\/assets.absglobal.com\/filestore\/1\/3\/6\/1\/0_418793af236e3aa\/13610scr_07ac892d18a16cc.jpg?v=1675424671","contentUrl":"https:\/\/assets.absglobal.com\/filestore\/1\/3\/6\/1\/0_418793af236e3aa\/13610scr_07ac892d18a16cc.jpg?v=1675424671"},{"@type":"BreadcrumbList","@id":"https:\/\/store-test.absglobal.com\/fr\/produit\/great\/#breadcrumb","itemListElement":[{"@type":"ListItem","position":1,"name":"Home","item":"https:\/\/store-test.absglobal.com\/fr\/"},{"@type":"ListItem","position":2,"name":"Store","item":"https:\/\/store-test.absglobal.com\/fr\/?page_id=5"},{"@type":"ListItem","position":3,"name":"GREAT"}]},{"@type":"WebSite","@id":"https:\/\/store-test.absglobal.com\/fr\/#website","url":"https:\/\/store-test.absglobal.com\/fr\/","name":"ABS Global Store France (BOVEC)","description":"BOVEC e-Market","potentialAction":[{"@type":"SearchAction","target":{"@type":"EntryPoint","urlTemplate":"https:\/\/store-test.absglobal.com\/fr\/?s={search_term_string}"},"query-input":{"@type":"PropertyValueSpecification","valueRequired":true,"valueName":"search_term_string"}}],"inLanguage":"en-US"}]}},"_links":{"self":[{"href":"https:\/\/store-test.absglobal.com\/fr\/wp-json\/wp\/v2\/product\/48540"}],"collection":[{"href":"https:\/\/store-test.absglobal.com\/fr\/wp-json\/wp\/v2\/product"}],"about":[{"href":"https:\/\/store-test.absglobal.com\/fr\/wp-json\/wp\/v2\/types\/product"}],"wp:featuredmedia":[{"embeddable":true,"href":"https:\/\/store-test.absglobal.com\/fr\/wp-json\/wp\/v2\/media\/49134"}],"wp:attachment":[{"href":"https:\/\/store-test.absglobal.com\/fr\/wp-json\/wp\/v2\/media?parent=48540"}],"wp:term":[{"taxonomy":"product_cat","embeddable":true,"href":"https:\/\/store-test.absglobal.com\/fr\/wp-json\/wp\/v2\/product_cat?post=48540"},{"taxonomy":"product_tag","embeddable":true,"href":"https:\/\/store-test.absglobal.com\/fr\/wp-json\/wp\/v2\/product_tag?post=48540"}],"curies":[{"name":"wp","href":"https:\/\/api.w.org\/{rel}","templated":true}]}}