{"id":49057,"date":"2023-10-31T05:57:32","date_gmt":"2023-10-31T11:57:32","guid":{"rendered":"https:\/\/store-test.absglobal.com\/fr\/?post_type=product&#038;p=49057"},"modified":"2023-11-14T04:50:38","modified_gmt":"2023-11-14T10:50:38","slug":"renegade","status":"publish","type":"product","link":"https:\/\/store-test.absglobal.com\/fr\/produit\/renegade\/","title":{"rendered":"RENEGADE"},"content":{"rendered":"<p>RENEGADE, la star internationale qui truste la t\u00eate des classements Nord-Am\u00e9ricains !<\/p>\n<ul>\n<li>Il confirme son immense statut de p\u00e8re \u00e0 taureaux avec la confirmation de ses nombreux fils tels que PARFECT, TAOS, CONWAY, HEART, DMAC<\/li>\n<li>Les \u00e9leveurs adorent les filles de RENEGADE qu\u2019ils ont \u00e0 la traite, celles-ci sont \u00e9quilibr\u00e9es et laiti\u00e8res<\/li>\n<li>RENEGADE est le taureau le plus marquant de sa g\u00e9n\u00e9ration, un taureau singulier par son p\u00e9digr\u00e9e Outcross et son haut niveau d\u2019index comme on en connait qu\u2019un par d\u00e9cennie<\/li>\n<\/ul>\n\n","protected":false},"excerpt":{"rendered":"<p><strong>1.<\/strong> S\u00e9lectionnez le type de semence, entrez la quantit\u00e9 et ajoutez \u00e0 votre r\u00e9servation. Vous pouvez ajouter des taureaux suppl\u00e9mentaires \u00e0 votre r\u00e9servation.<\/p>\n<p><strong>2.<\/strong> Cliquez sur le panier en haut \u00e0 droite.<\/p>\n<p><strong>3.<\/strong> Compl\u00e9tez le formulaire et cliquez sur Soumettre ma r\u00e9servation.<\/p>\n<p><strong>4.<\/strong> Nous vous ferons un suivi de votre r\u00e9servation<\/p>\n","protected":false},"featured_media":49307,"template":"","meta":{"_acf_changed":false,"content-type":"","inline_featured_image":false,"_editorskit_title_hidden":false,"_editorskit_reading_time":0,"_editorskit_is_block_options_detached":false,"_editorskit_block_options_position":"{}"},"product_cat":[1829,1830],"product_tag":[],"class_list":{"0":"post-49057","1":"product","2":"type-product","3":"status-publish","4":"has-post-thumbnail","6":"product_cat-semence-laitiere","7":"product_cat-holstein-semence-laitiere","8":"pa_type-2-conventionelle","9":"pa_type-2-sexcel"},"acf":[],"yoast_head":"<!-- This site is optimized with the Yoast SEO Premium plugin v22.1 (Yoast SEO v25.3) - https:\/\/yoast.com\/wordpress\/plugins\/seo\/ -->\n<title>RENEGADE - ABS Global Store France (BOVEC)<\/title>\n<meta name=\"robots\" content=\"index, follow, max-snippet:-1, max-image-preview:large, max-video-preview:-1\" \/>\n<link rel=\"canonical\" href=\"https:\/\/store-test.absglobal.com\/fr\/produit\/renegade\/\" \/>\n<meta property=\"og:locale\" content=\"en_US\" \/>\n<meta property=\"og:type\" content=\"article\" \/>\n<meta property=\"og:title\" content=\"RENEGADE\" \/>\n<meta property=\"og:description\" content=\"1. S\u00e9lectionnez le type de semence, entrez la quantit\u00e9 et ajoutez \u00e0 votre r\u00e9servation. Vous pouvez ajouter des taureaux suppl\u00e9mentaires \u00e0 votre r\u00e9servation.  2. Cliquez sur le panier en haut \u00e0 droite.  3. Compl\u00e9tez le formulaire et cliquez sur Soumettre ma r\u00e9servation.  4. Nous vous ferons un suivi de votre r\u00e9servation\" \/>\n<meta property=\"og:url\" content=\"https:\/\/store-test.absglobal.com\/fr\/produit\/renegade\/\" \/>\n<meta property=\"og:site_name\" content=\"ABS Global Store France (BOVEC)\" \/>\n<meta property=\"article:modified_time\" content=\"2023-11-14T10:50:38+00:00\" \/>\n<meta property=\"og:image\" content=\"https:\/\/assets.absglobal.com\/filestore\/1\/4\/2\/2\/6_4c269133db5c1d7\/14226scr_c7f27cd55cbb577.jpg?v=1698933364\" \/>\n<meta name=\"twitter:card\" content=\"summary_large_image\" \/>\n<meta name=\"twitter:image\" content=\"https:\/\/assets.absglobal.com\/filestore\/1\/4\/2\/2\/6_4c269133db5c1d7\/14226scr_c7f27cd55cbb577.jpg?v=1698933364\" \/>\n<meta name=\"twitter:label1\" content=\"Est. reading time\" \/>\n\t<meta name=\"twitter:data1\" content=\"1 minute\" \/>\n<script type=\"application\/ld+json\" class=\"yoast-schema-graph\">{\"@context\":\"https:\/\/schema.org\",\"@graph\":[{\"@type\":\"WebPage\",\"@id\":\"https:\/\/store-test.absglobal.com\/fr\/produit\/renegade\/\",\"url\":\"https:\/\/store-test.absglobal.com\/fr\/produit\/renegade\/\",\"name\":\"RENEGADE - ABS Global Store France (BOVEC)\",\"isPartOf\":{\"@id\":\"https:\/\/store-test.absglobal.com\/fr\/#website\"},\"primaryImageOfPage\":{\"@id\":\"https:\/\/store-test.absglobal.com\/fr\/produit\/renegade\/#primaryimage\"},\"image\":{\"@id\":\"https:\/\/store-test.absglobal.com\/fr\/produit\/renegade\/#primaryimage\"},\"thumbnailUrl\":\"https:\/\/assets.absglobal.com\/filestore\/1\/4\/2\/2\/6_4c269133db5c1d7\/14226scr_c7f27cd55cbb577.jpg?v=1698933364\",\"datePublished\":\"2023-10-31T11:57:32+00:00\",\"dateModified\":\"2023-11-14T10:50:38+00:00\",\"breadcrumb\":{\"@id\":\"https:\/\/store-test.absglobal.com\/fr\/produit\/renegade\/#breadcrumb\"},\"inLanguage\":\"en-US\",\"potentialAction\":[{\"@type\":\"ReadAction\",\"target\":[\"https:\/\/store-test.absglobal.com\/fr\/produit\/renegade\/\"]}]},{\"@type\":\"ImageObject\",\"inLanguage\":\"en-US\",\"@id\":\"https:\/\/store-test.absglobal.com\/fr\/produit\/renegade\/#primaryimage\",\"url\":\"https:\/\/assets.absglobal.com\/filestore\/1\/4\/2\/2\/6_4c269133db5c1d7\/14226scr_c7f27cd55cbb577.jpg?v=1698933364\",\"contentUrl\":\"https:\/\/assets.absglobal.com\/filestore\/1\/4\/2\/2\/6_4c269133db5c1d7\/14226scr_c7f27cd55cbb577.jpg?v=1698933364\"},{\"@type\":\"BreadcrumbList\",\"@id\":\"https:\/\/store-test.absglobal.com\/fr\/produit\/renegade\/#breadcrumb\",\"itemListElement\":[{\"@type\":\"ListItem\",\"position\":1,\"name\":\"Home\",\"item\":\"https:\/\/store-test.absglobal.com\/fr\/\"},{\"@type\":\"ListItem\",\"position\":2,\"name\":\"Store\",\"item\":\"https:\/\/store-test.absglobal.com\/fr\/?page_id=5\"},{\"@type\":\"ListItem\",\"position\":3,\"name\":\"RENEGADE\"}]},{\"@type\":\"WebSite\",\"@id\":\"https:\/\/store-test.absglobal.com\/fr\/#website\",\"url\":\"https:\/\/store-test.absglobal.com\/fr\/\",\"name\":\"ABS Global Store France (BOVEC)\",\"description\":\"BOVEC e-Market\",\"potentialAction\":[{\"@type\":\"SearchAction\",\"target\":{\"@type\":\"EntryPoint\",\"urlTemplate\":\"https:\/\/store-test.absglobal.com\/fr\/?s={search_term_string}\"},\"query-input\":{\"@type\":\"PropertyValueSpecification\",\"valueRequired\":true,\"valueName\":\"search_term_string\"}}],\"inLanguage\":\"en-US\"}]}<\/script>\n<!-- \/ Yoast SEO Premium plugin. -->","yoast_head_json":{"title":"RENEGADE - ABS Global Store France (BOVEC)","robots":{"index":"index","follow":"follow","max-snippet":"max-snippet:-1","max-image-preview":"max-image-preview:large","max-video-preview":"max-video-preview:-1"},"canonical":"https:\/\/store-test.absglobal.com\/fr\/produit\/renegade\/","og_locale":"en_US","og_type":"article","og_title":"RENEGADE","og_description":"1. S\u00e9lectionnez le type de semence, entrez la quantit\u00e9 et ajoutez \u00e0 votre r\u00e9servation. Vous pouvez ajouter des taureaux suppl\u00e9mentaires \u00e0 votre r\u00e9servation.  2. Cliquez sur le panier en haut \u00e0 droite.  3. Compl\u00e9tez le formulaire et cliquez sur Soumettre ma r\u00e9servation.  4. Nous vous ferons un suivi de votre r\u00e9servation","og_url":"https:\/\/store-test.absglobal.com\/fr\/produit\/renegade\/","og_site_name":"ABS Global Store France (BOVEC)","article_modified_time":"2023-11-14T10:50:38+00:00","og_image":[{"url":"https:\/\/assets.absglobal.com\/filestore\/1\/4\/2\/2\/6_4c269133db5c1d7\/14226scr_c7f27cd55cbb577.jpg?v=1698933364","type":"","width":"","height":""}],"twitter_card":"summary_large_image","twitter_image":"https:\/\/assets.absglobal.com\/filestore\/1\/4\/2\/2\/6_4c269133db5c1d7\/14226scr_c7f27cd55cbb577.jpg?v=1698933364","twitter_misc":{"Est. reading time":"1 minute"},"schema":{"@context":"https:\/\/schema.org","@graph":[{"@type":"WebPage","@id":"https:\/\/store-test.absglobal.com\/fr\/produit\/renegade\/","url":"https:\/\/store-test.absglobal.com\/fr\/produit\/renegade\/","name":"RENEGADE - ABS Global Store France (BOVEC)","isPartOf":{"@id":"https:\/\/store-test.absglobal.com\/fr\/#website"},"primaryImageOfPage":{"@id":"https:\/\/store-test.absglobal.com\/fr\/produit\/renegade\/#primaryimage"},"image":{"@id":"https:\/\/store-test.absglobal.com\/fr\/produit\/renegade\/#primaryimage"},"thumbnailUrl":"https:\/\/assets.absglobal.com\/filestore\/1\/4\/2\/2\/6_4c269133db5c1d7\/14226scr_c7f27cd55cbb577.jpg?v=1698933364","datePublished":"2023-10-31T11:57:32+00:00","dateModified":"2023-11-14T10:50:38+00:00","breadcrumb":{"@id":"https:\/\/store-test.absglobal.com\/fr\/produit\/renegade\/#breadcrumb"},"inLanguage":"en-US","potentialAction":[{"@type":"ReadAction","target":["https:\/\/store-test.absglobal.com\/fr\/produit\/renegade\/"]}]},{"@type":"ImageObject","inLanguage":"en-US","@id":"https:\/\/store-test.absglobal.com\/fr\/produit\/renegade\/#primaryimage","url":"https:\/\/assets.absglobal.com\/filestore\/1\/4\/2\/2\/6_4c269133db5c1d7\/14226scr_c7f27cd55cbb577.jpg?v=1698933364","contentUrl":"https:\/\/assets.absglobal.com\/filestore\/1\/4\/2\/2\/6_4c269133db5c1d7\/14226scr_c7f27cd55cbb577.jpg?v=1698933364"},{"@type":"BreadcrumbList","@id":"https:\/\/store-test.absglobal.com\/fr\/produit\/renegade\/#breadcrumb","itemListElement":[{"@type":"ListItem","position":1,"name":"Home","item":"https:\/\/store-test.absglobal.com\/fr\/"},{"@type":"ListItem","position":2,"name":"Store","item":"https:\/\/store-test.absglobal.com\/fr\/?page_id=5"},{"@type":"ListItem","position":3,"name":"RENEGADE"}]},{"@type":"WebSite","@id":"https:\/\/store-test.absglobal.com\/fr\/#website","url":"https:\/\/store-test.absglobal.com\/fr\/","name":"ABS Global Store France (BOVEC)","description":"BOVEC e-Market","potentialAction":[{"@type":"SearchAction","target":{"@type":"EntryPoint","urlTemplate":"https:\/\/store-test.absglobal.com\/fr\/?s={search_term_string}"},"query-input":{"@type":"PropertyValueSpecification","valueRequired":true,"valueName":"search_term_string"}}],"inLanguage":"en-US"}]}},"_links":{"self":[{"href":"https:\/\/store-test.absglobal.com\/fr\/wp-json\/wp\/v2\/product\/49057"}],"collection":[{"href":"https:\/\/store-test.absglobal.com\/fr\/wp-json\/wp\/v2\/product"}],"about":[{"href":"https:\/\/store-test.absglobal.com\/fr\/wp-json\/wp\/v2\/types\/product"}],"wp:featuredmedia":[{"embeddable":true,"href":"https:\/\/store-test.absglobal.com\/fr\/wp-json\/wp\/v2\/media\/49307"}],"wp:attachment":[{"href":"https:\/\/store-test.absglobal.com\/fr\/wp-json\/wp\/v2\/media?parent=49057"}],"wp:term":[{"taxonomy":"product_cat","embeddable":true,"href":"https:\/\/store-test.absglobal.com\/fr\/wp-json\/wp\/v2\/product_cat?post=49057"},{"taxonomy":"product_tag","embeddable":true,"href":"https:\/\/store-test.absglobal.com\/fr\/wp-json\/wp\/v2\/product_tag?post=49057"}],"curies":[{"name":"wp","href":"https:\/\/api.w.org\/{rel}","templated":true}]}}