{"id":49062,"date":"2023-10-31T06:30:44","date_gmt":"2023-10-31T12:30:44","guid":{"rendered":"https:\/\/store-test.absglobal.com\/fr\/?post_type=product&#038;p=49062"},"modified":"2023-11-13T11:02:44","modified_gmt":"2023-11-13T17:02:44","slug":"has-it-all","status":"publish","type":"product","link":"https:\/\/store-test.absglobal.com\/fr\/produit\/has-it-all\/","title":{"rendered":"HAS IT ALL"},"content":{"rendered":"<p>HAS IT ALL, il a tout !<\/p>\n<ul>\n<li>Fils de la c\u00e9l\u00e8bre S-S-I Doc HAVE NOT 8784 EX-95 vendue pour 1,925 million de $ en 2022<\/li>\n<li>La combinaison avec PARFECT en fait un taureau A2A2 \u00e9lev\u00e9 en Production et en Type<\/li>\n<li>Un excellent rapport \u00ab Taille-Puissance \u00bb qui g\u00e9n\u00e9rera des vaches robustes avec des arri\u00e8res-pis hauts et larges<\/li>\n<\/ul>\n\n","protected":false},"excerpt":{"rendered":"<p><strong>1.<\/strong> S\u00e9lectionnez le type de semence, entrez la quantit\u00e9 et ajoutez \u00e0 votre r\u00e9servation. Vous pouvez ajouter des taureaux suppl\u00e9mentaires \u00e0 votre r\u00e9servation.<\/p>\n<p><strong>2.<\/strong> Cliquez sur le panier en haut \u00e0 droite.<\/p>\n<p><strong>3.<\/strong> Compl\u00e9tez le formulaire et cliquez sur Soumettre ma r\u00e9servation.<\/p>\n<p><strong>4.<\/strong> Nous vous ferons un suivi de votre r\u00e9servation<\/p>\n","protected":false},"featured_media":49165,"template":"","meta":{"_acf_changed":false,"content-type":"","inline_featured_image":false,"_editorskit_title_hidden":false,"_editorskit_reading_time":0,"_editorskit_is_block_options_detached":false,"_editorskit_block_options_position":"{}"},"product_cat":[1829,1830],"product_tag":[],"class_list":{"0":"post-49062","1":"product","2":"type-product","3":"status-publish","4":"has-post-thumbnail","6":"product_cat-semence-laitiere","7":"product_cat-holstein-semence-laitiere","8":"pa_type-2-conventionelle","9":"pa_type-2-sexation"},"acf":[],"yoast_head":"<!-- This site is optimized with the Yoast SEO Premium plugin v22.1 (Yoast SEO v25.3) - https:\/\/yoast.com\/wordpress\/plugins\/seo\/ -->\n<title>HAS IT ALL - ABS Global Store France (BOVEC)<\/title>\n<meta name=\"robots\" content=\"index, follow, max-snippet:-1, max-image-preview:large, max-video-preview:-1\" \/>\n<link rel=\"canonical\" href=\"https:\/\/store-test.absglobal.com\/fr\/produit\/has-it-all\/\" \/>\n<meta property=\"og:locale\" content=\"en_US\" \/>\n<meta property=\"og:type\" content=\"article\" \/>\n<meta property=\"og:title\" content=\"HAS IT ALL\" \/>\n<meta property=\"og:description\" content=\"1. S\u00e9lectionnez le type de semence, entrez la quantit\u00e9 et ajoutez \u00e0 votre r\u00e9servation. Vous pouvez ajouter des taureaux suppl\u00e9mentaires \u00e0 votre r\u00e9servation.  2. Cliquez sur le panier en haut \u00e0 droite.  3. Compl\u00e9tez le formulaire et cliquez sur Soumettre ma r\u00e9servation.  4. Nous vous ferons un suivi de votre r\u00e9servation\" \/>\n<meta property=\"og:url\" content=\"https:\/\/store-test.absglobal.com\/fr\/produit\/has-it-all\/\" \/>\n<meta property=\"og:site_name\" content=\"ABS Global Store France (BOVEC)\" \/>\n<meta property=\"article:modified_time\" content=\"2023-11-13T17:02:44+00:00\" \/>\n<meta property=\"og:image\" content=\"https:\/\/assets.absglobal.com\/filestore\/1\/4\/2\/2\/4_079669956bac091\/14224scr_5b571b4ba9a88a7.jpg?v=1698933195\" \/>\n<meta name=\"twitter:card\" content=\"summary_large_image\" \/>\n<meta name=\"twitter:image\" content=\"https:\/\/assets.absglobal.com\/filestore\/1\/4\/2\/2\/4_079669956bac091\/14224scr_5b571b4ba9a88a7.jpg?v=1698933195\" \/>\n<meta name=\"twitter:label1\" content=\"Est. reading time\" \/>\n\t<meta name=\"twitter:data1\" content=\"1 minute\" \/>\n<script type=\"application\/ld+json\" class=\"yoast-schema-graph\">{\"@context\":\"https:\/\/schema.org\",\"@graph\":[{\"@type\":\"WebPage\",\"@id\":\"https:\/\/store-test.absglobal.com\/fr\/produit\/has-it-all\/\",\"url\":\"https:\/\/store-test.absglobal.com\/fr\/produit\/has-it-all\/\",\"name\":\"HAS IT ALL - ABS Global Store France (BOVEC)\",\"isPartOf\":{\"@id\":\"https:\/\/store-test.absglobal.com\/fr\/#website\"},\"primaryImageOfPage\":{\"@id\":\"https:\/\/store-test.absglobal.com\/fr\/produit\/has-it-all\/#primaryimage\"},\"image\":{\"@id\":\"https:\/\/store-test.absglobal.com\/fr\/produit\/has-it-all\/#primaryimage\"},\"thumbnailUrl\":\"https:\/\/assets.absglobal.com\/filestore\/1\/4\/2\/2\/4_079669956bac091\/14224scr_5b571b4ba9a88a7.jpg?v=1698933195\",\"datePublished\":\"2023-10-31T12:30:44+00:00\",\"dateModified\":\"2023-11-13T17:02:44+00:00\",\"breadcrumb\":{\"@id\":\"https:\/\/store-test.absglobal.com\/fr\/produit\/has-it-all\/#breadcrumb\"},\"inLanguage\":\"en-US\",\"potentialAction\":[{\"@type\":\"ReadAction\",\"target\":[\"https:\/\/store-test.absglobal.com\/fr\/produit\/has-it-all\/\"]}]},{\"@type\":\"ImageObject\",\"inLanguage\":\"en-US\",\"@id\":\"https:\/\/store-test.absglobal.com\/fr\/produit\/has-it-all\/#primaryimage\",\"url\":\"https:\/\/assets.absglobal.com\/filestore\/1\/4\/2\/2\/4_079669956bac091\/14224scr_5b571b4ba9a88a7.jpg?v=1698933195\",\"contentUrl\":\"https:\/\/assets.absglobal.com\/filestore\/1\/4\/2\/2\/4_079669956bac091\/14224scr_5b571b4ba9a88a7.jpg?v=1698933195\"},{\"@type\":\"BreadcrumbList\",\"@id\":\"https:\/\/store-test.absglobal.com\/fr\/produit\/has-it-all\/#breadcrumb\",\"itemListElement\":[{\"@type\":\"ListItem\",\"position\":1,\"name\":\"Home\",\"item\":\"https:\/\/store-test.absglobal.com\/fr\/\"},{\"@type\":\"ListItem\",\"position\":2,\"name\":\"Store\",\"item\":\"https:\/\/store-test.absglobal.com\/fr\/?page_id=5\"},{\"@type\":\"ListItem\",\"position\":3,\"name\":\"HAS IT ALL\"}]},{\"@type\":\"WebSite\",\"@id\":\"https:\/\/store-test.absglobal.com\/fr\/#website\",\"url\":\"https:\/\/store-test.absglobal.com\/fr\/\",\"name\":\"ABS Global Store France (BOVEC)\",\"description\":\"BOVEC e-Market\",\"potentialAction\":[{\"@type\":\"SearchAction\",\"target\":{\"@type\":\"EntryPoint\",\"urlTemplate\":\"https:\/\/store-test.absglobal.com\/fr\/?s={search_term_string}\"},\"query-input\":{\"@type\":\"PropertyValueSpecification\",\"valueRequired\":true,\"valueName\":\"search_term_string\"}}],\"inLanguage\":\"en-US\"}]}<\/script>\n<!-- \/ Yoast SEO Premium plugin. -->","yoast_head_json":{"title":"HAS IT ALL - ABS Global Store France (BOVEC)","robots":{"index":"index","follow":"follow","max-snippet":"max-snippet:-1","max-image-preview":"max-image-preview:large","max-video-preview":"max-video-preview:-1"},"canonical":"https:\/\/store-test.absglobal.com\/fr\/produit\/has-it-all\/","og_locale":"en_US","og_type":"article","og_title":"HAS IT ALL","og_description":"1. S\u00e9lectionnez le type de semence, entrez la quantit\u00e9 et ajoutez \u00e0 votre r\u00e9servation. Vous pouvez ajouter des taureaux suppl\u00e9mentaires \u00e0 votre r\u00e9servation.  2. Cliquez sur le panier en haut \u00e0 droite.  3. Compl\u00e9tez le formulaire et cliquez sur Soumettre ma r\u00e9servation.  4. Nous vous ferons un suivi de votre r\u00e9servation","og_url":"https:\/\/store-test.absglobal.com\/fr\/produit\/has-it-all\/","og_site_name":"ABS Global Store France (BOVEC)","article_modified_time":"2023-11-13T17:02:44+00:00","og_image":[{"url":"https:\/\/assets.absglobal.com\/filestore\/1\/4\/2\/2\/4_079669956bac091\/14224scr_5b571b4ba9a88a7.jpg?v=1698933195","type":"","width":"","height":""}],"twitter_card":"summary_large_image","twitter_image":"https:\/\/assets.absglobal.com\/filestore\/1\/4\/2\/2\/4_079669956bac091\/14224scr_5b571b4ba9a88a7.jpg?v=1698933195","twitter_misc":{"Est. reading time":"1 minute"},"schema":{"@context":"https:\/\/schema.org","@graph":[{"@type":"WebPage","@id":"https:\/\/store-test.absglobal.com\/fr\/produit\/has-it-all\/","url":"https:\/\/store-test.absglobal.com\/fr\/produit\/has-it-all\/","name":"HAS IT ALL - ABS Global Store France (BOVEC)","isPartOf":{"@id":"https:\/\/store-test.absglobal.com\/fr\/#website"},"primaryImageOfPage":{"@id":"https:\/\/store-test.absglobal.com\/fr\/produit\/has-it-all\/#primaryimage"},"image":{"@id":"https:\/\/store-test.absglobal.com\/fr\/produit\/has-it-all\/#primaryimage"},"thumbnailUrl":"https:\/\/assets.absglobal.com\/filestore\/1\/4\/2\/2\/4_079669956bac091\/14224scr_5b571b4ba9a88a7.jpg?v=1698933195","datePublished":"2023-10-31T12:30:44+00:00","dateModified":"2023-11-13T17:02:44+00:00","breadcrumb":{"@id":"https:\/\/store-test.absglobal.com\/fr\/produit\/has-it-all\/#breadcrumb"},"inLanguage":"en-US","potentialAction":[{"@type":"ReadAction","target":["https:\/\/store-test.absglobal.com\/fr\/produit\/has-it-all\/"]}]},{"@type":"ImageObject","inLanguage":"en-US","@id":"https:\/\/store-test.absglobal.com\/fr\/produit\/has-it-all\/#primaryimage","url":"https:\/\/assets.absglobal.com\/filestore\/1\/4\/2\/2\/4_079669956bac091\/14224scr_5b571b4ba9a88a7.jpg?v=1698933195","contentUrl":"https:\/\/assets.absglobal.com\/filestore\/1\/4\/2\/2\/4_079669956bac091\/14224scr_5b571b4ba9a88a7.jpg?v=1698933195"},{"@type":"BreadcrumbList","@id":"https:\/\/store-test.absglobal.com\/fr\/produit\/has-it-all\/#breadcrumb","itemListElement":[{"@type":"ListItem","position":1,"name":"Home","item":"https:\/\/store-test.absglobal.com\/fr\/"},{"@type":"ListItem","position":2,"name":"Store","item":"https:\/\/store-test.absglobal.com\/fr\/?page_id=5"},{"@type":"ListItem","position":3,"name":"HAS IT ALL"}]},{"@type":"WebSite","@id":"https:\/\/store-test.absglobal.com\/fr\/#website","url":"https:\/\/store-test.absglobal.com\/fr\/","name":"ABS Global Store France (BOVEC)","description":"BOVEC e-Market","potentialAction":[{"@type":"SearchAction","target":{"@type":"EntryPoint","urlTemplate":"https:\/\/store-test.absglobal.com\/fr\/?s={search_term_string}"},"query-input":{"@type":"PropertyValueSpecification","valueRequired":true,"valueName":"search_term_string"}}],"inLanguage":"en-US"}]}},"_links":{"self":[{"href":"https:\/\/store-test.absglobal.com\/fr\/wp-json\/wp\/v2\/product\/49062"}],"collection":[{"href":"https:\/\/store-test.absglobal.com\/fr\/wp-json\/wp\/v2\/product"}],"about":[{"href":"https:\/\/store-test.absglobal.com\/fr\/wp-json\/wp\/v2\/types\/product"}],"wp:featuredmedia":[{"embeddable":true,"href":"https:\/\/store-test.absglobal.com\/fr\/wp-json\/wp\/v2\/media\/49165"}],"wp:attachment":[{"href":"https:\/\/store-test.absglobal.com\/fr\/wp-json\/wp\/v2\/media?parent=49062"}],"wp:term":[{"taxonomy":"product_cat","embeddable":true,"href":"https:\/\/store-test.absglobal.com\/fr\/wp-json\/wp\/v2\/product_cat?post=49062"},{"taxonomy":"product_tag","embeddable":true,"href":"https:\/\/store-test.absglobal.com\/fr\/wp-json\/wp\/v2\/product_tag?post=49062"}],"curies":[{"name":"wp","href":"https:\/\/api.w.org\/{rel}","templated":true}]}}