{"id":49073,"date":"2023-10-31T08:31:58","date_gmt":"2023-10-31T14:31:58","guid":{"rendered":"https:\/\/store-test.absglobal.com\/fr\/?post_type=product&#038;p=49073"},"modified":"2023-11-13T04:30:37","modified_gmt":"2023-11-13T10:30:37","slug":"hardy","status":"publish","type":"product","link":"https:\/\/store-test.absglobal.com\/fr\/produit\/hardy\/","title":{"rendered":"HARDY"},"content":{"rendered":"<p>HARDY, fils de PARFECT provenant de la lign\u00e9e Mogul Hanker EX-94<\/p>\n<ul>\n<li>Sa m\u00e8re est la pleine s\u0153ur du taureau HANLEY, tr\u00e8s populaire chez BOVEC<\/li>\n<li>La force de son lin\u00e9aire r\u00e9side dans l\u2019\u00e9quilibre de toutes ses notes qui affichent beaucoup de largeur de bout en bout\u25a1<\/li>\n<li>Il est aujourd\u2019hui l\u2019un des meilleurs taureaux SHOWTYPE en mati\u00e8re de long\u00e9vit\u00e9<\/li>\n<\/ul>\n\n","protected":false},"excerpt":{"rendered":"<p><strong>1.<\/strong> S\u00e9lectionnez le type de semence, entrez la quantit\u00e9 et ajoutez \u00e0 votre r\u00e9servation. Vous pouvez ajouter des taureaux suppl\u00e9mentaires \u00e0 votre r\u00e9servation.<\/p>\n<p><strong>2.<\/strong> Cliquez sur le panier en haut \u00e0 droite.<\/p>\n<p><strong>3.<\/strong> Compl\u00e9tez le formulaire et cliquez sur Soumettre ma r\u00e9servation.<\/p>\n<p><strong>4.<\/strong> Nous vous ferons un suivi de votre r\u00e9servation<\/p>\n","protected":false},"featured_media":49156,"template":"","meta":{"_acf_changed":false,"content-type":"","inline_featured_image":false,"_editorskit_title_hidden":false,"_editorskit_reading_time":0,"_editorskit_is_block_options_detached":false,"_editorskit_block_options_position":"{}"},"product_cat":[1829,1830],"product_tag":[],"class_list":{"0":"post-49073","1":"product","2":"type-product","3":"status-publish","4":"has-post-thumbnail","6":"product_cat-semence-laitiere","7":"product_cat-holstein-semence-laitiere","8":"pa_type-2-conventionelle","9":"pa_type-2-sexcel"},"acf":[],"yoast_head":"<!-- This site is optimized with the Yoast SEO Premium plugin v22.1 (Yoast SEO v25.3) - https:\/\/yoast.com\/wordpress\/plugins\/seo\/ -->\n<title>HARDY - ABS Global Store France (BOVEC)<\/title>\n<meta name=\"robots\" content=\"index, follow, max-snippet:-1, max-image-preview:large, max-video-preview:-1\" \/>\n<link rel=\"canonical\" href=\"https:\/\/store-test.absglobal.com\/fr\/produit\/hardy\/\" \/>\n<meta property=\"og:locale\" content=\"en_US\" \/>\n<meta property=\"og:type\" content=\"article\" \/>\n<meta property=\"og:title\" content=\"HARDY\" \/>\n<meta property=\"og:description\" content=\"1. S\u00e9lectionnez le type de semence, entrez la quantit\u00e9 et ajoutez \u00e0 votre r\u00e9servation. Vous pouvez ajouter des taureaux suppl\u00e9mentaires \u00e0 votre r\u00e9servation.  2. Cliquez sur le panier en haut \u00e0 droite.  3. Compl\u00e9tez le formulaire et cliquez sur Soumettre ma r\u00e9servation.  4. Nous vous ferons un suivi de votre r\u00e9servation\" \/>\n<meta property=\"og:url\" content=\"https:\/\/store-test.absglobal.com\/fr\/produit\/hardy\/\" \/>\n<meta property=\"og:site_name\" content=\"ABS Global Store France (BOVEC)\" \/>\n<meta property=\"article:modified_time\" content=\"2023-11-13T10:30:37+00:00\" \/>\n<meta property=\"og:image\" content=\"https:\/\/assets.absglobal.com\/filestore\/1\/4\/2\/2\/3_80da238618f712d\/14223scr_18a6f1135f55a58.jpg?v=1698933081\" \/>\n<meta name=\"twitter:card\" content=\"summary_large_image\" \/>\n<meta name=\"twitter:image\" content=\"https:\/\/assets.absglobal.com\/filestore\/1\/4\/2\/2\/3_80da238618f712d\/14223scr_18a6f1135f55a58.jpg?v=1698933081\" \/>\n<meta name=\"twitter:label1\" content=\"Est. reading time\" \/>\n\t<meta name=\"twitter:data1\" content=\"1 minute\" \/>\n<script type=\"application\/ld+json\" class=\"yoast-schema-graph\">{\"@context\":\"https:\/\/schema.org\",\"@graph\":[{\"@type\":\"WebPage\",\"@id\":\"https:\/\/store-test.absglobal.com\/fr\/produit\/hardy\/\",\"url\":\"https:\/\/store-test.absglobal.com\/fr\/produit\/hardy\/\",\"name\":\"HARDY - ABS Global Store France (BOVEC)\",\"isPartOf\":{\"@id\":\"https:\/\/store-test.absglobal.com\/fr\/#website\"},\"primaryImageOfPage\":{\"@id\":\"https:\/\/store-test.absglobal.com\/fr\/produit\/hardy\/#primaryimage\"},\"image\":{\"@id\":\"https:\/\/store-test.absglobal.com\/fr\/produit\/hardy\/#primaryimage\"},\"thumbnailUrl\":\"https:\/\/assets.absglobal.com\/filestore\/1\/4\/2\/2\/3_80da238618f712d\/14223scr_18a6f1135f55a58.jpg?v=1698933081\",\"datePublished\":\"2023-10-31T14:31:58+00:00\",\"dateModified\":\"2023-11-13T10:30:37+00:00\",\"breadcrumb\":{\"@id\":\"https:\/\/store-test.absglobal.com\/fr\/produit\/hardy\/#breadcrumb\"},\"inLanguage\":\"en-US\",\"potentialAction\":[{\"@type\":\"ReadAction\",\"target\":[\"https:\/\/store-test.absglobal.com\/fr\/produit\/hardy\/\"]}]},{\"@type\":\"ImageObject\",\"inLanguage\":\"en-US\",\"@id\":\"https:\/\/store-test.absglobal.com\/fr\/produit\/hardy\/#primaryimage\",\"url\":\"https:\/\/assets.absglobal.com\/filestore\/1\/4\/2\/2\/3_80da238618f712d\/14223scr_18a6f1135f55a58.jpg?v=1698933081\",\"contentUrl\":\"https:\/\/assets.absglobal.com\/filestore\/1\/4\/2\/2\/3_80da238618f712d\/14223scr_18a6f1135f55a58.jpg?v=1698933081\"},{\"@type\":\"BreadcrumbList\",\"@id\":\"https:\/\/store-test.absglobal.com\/fr\/produit\/hardy\/#breadcrumb\",\"itemListElement\":[{\"@type\":\"ListItem\",\"position\":1,\"name\":\"Home\",\"item\":\"https:\/\/store-test.absglobal.com\/fr\/\"},{\"@type\":\"ListItem\",\"position\":2,\"name\":\"Store\",\"item\":\"https:\/\/store-test.absglobal.com\/fr\/?page_id=5\"},{\"@type\":\"ListItem\",\"position\":3,\"name\":\"HARDY\"}]},{\"@type\":\"WebSite\",\"@id\":\"https:\/\/store-test.absglobal.com\/fr\/#website\",\"url\":\"https:\/\/store-test.absglobal.com\/fr\/\",\"name\":\"ABS Global Store France (BOVEC)\",\"description\":\"BOVEC e-Market\",\"potentialAction\":[{\"@type\":\"SearchAction\",\"target\":{\"@type\":\"EntryPoint\",\"urlTemplate\":\"https:\/\/store-test.absglobal.com\/fr\/?s={search_term_string}\"},\"query-input\":{\"@type\":\"PropertyValueSpecification\",\"valueRequired\":true,\"valueName\":\"search_term_string\"}}],\"inLanguage\":\"en-US\"}]}<\/script>\n<!-- \/ Yoast SEO Premium plugin. -->","yoast_head_json":{"title":"HARDY - ABS Global Store France (BOVEC)","robots":{"index":"index","follow":"follow","max-snippet":"max-snippet:-1","max-image-preview":"max-image-preview:large","max-video-preview":"max-video-preview:-1"},"canonical":"https:\/\/store-test.absglobal.com\/fr\/produit\/hardy\/","og_locale":"en_US","og_type":"article","og_title":"HARDY","og_description":"1. S\u00e9lectionnez le type de semence, entrez la quantit\u00e9 et ajoutez \u00e0 votre r\u00e9servation. Vous pouvez ajouter des taureaux suppl\u00e9mentaires \u00e0 votre r\u00e9servation.  2. Cliquez sur le panier en haut \u00e0 droite.  3. Compl\u00e9tez le formulaire et cliquez sur Soumettre ma r\u00e9servation.  4. Nous vous ferons un suivi de votre r\u00e9servation","og_url":"https:\/\/store-test.absglobal.com\/fr\/produit\/hardy\/","og_site_name":"ABS Global Store France (BOVEC)","article_modified_time":"2023-11-13T10:30:37+00:00","og_image":[{"url":"https:\/\/assets.absglobal.com\/filestore\/1\/4\/2\/2\/3_80da238618f712d\/14223scr_18a6f1135f55a58.jpg?v=1698933081","type":"","width":"","height":""}],"twitter_card":"summary_large_image","twitter_image":"https:\/\/assets.absglobal.com\/filestore\/1\/4\/2\/2\/3_80da238618f712d\/14223scr_18a6f1135f55a58.jpg?v=1698933081","twitter_misc":{"Est. reading time":"1 minute"},"schema":{"@context":"https:\/\/schema.org","@graph":[{"@type":"WebPage","@id":"https:\/\/store-test.absglobal.com\/fr\/produit\/hardy\/","url":"https:\/\/store-test.absglobal.com\/fr\/produit\/hardy\/","name":"HARDY - ABS Global Store France (BOVEC)","isPartOf":{"@id":"https:\/\/store-test.absglobal.com\/fr\/#website"},"primaryImageOfPage":{"@id":"https:\/\/store-test.absglobal.com\/fr\/produit\/hardy\/#primaryimage"},"image":{"@id":"https:\/\/store-test.absglobal.com\/fr\/produit\/hardy\/#primaryimage"},"thumbnailUrl":"https:\/\/assets.absglobal.com\/filestore\/1\/4\/2\/2\/3_80da238618f712d\/14223scr_18a6f1135f55a58.jpg?v=1698933081","datePublished":"2023-10-31T14:31:58+00:00","dateModified":"2023-11-13T10:30:37+00:00","breadcrumb":{"@id":"https:\/\/store-test.absglobal.com\/fr\/produit\/hardy\/#breadcrumb"},"inLanguage":"en-US","potentialAction":[{"@type":"ReadAction","target":["https:\/\/store-test.absglobal.com\/fr\/produit\/hardy\/"]}]},{"@type":"ImageObject","inLanguage":"en-US","@id":"https:\/\/store-test.absglobal.com\/fr\/produit\/hardy\/#primaryimage","url":"https:\/\/assets.absglobal.com\/filestore\/1\/4\/2\/2\/3_80da238618f712d\/14223scr_18a6f1135f55a58.jpg?v=1698933081","contentUrl":"https:\/\/assets.absglobal.com\/filestore\/1\/4\/2\/2\/3_80da238618f712d\/14223scr_18a6f1135f55a58.jpg?v=1698933081"},{"@type":"BreadcrumbList","@id":"https:\/\/store-test.absglobal.com\/fr\/produit\/hardy\/#breadcrumb","itemListElement":[{"@type":"ListItem","position":1,"name":"Home","item":"https:\/\/store-test.absglobal.com\/fr\/"},{"@type":"ListItem","position":2,"name":"Store","item":"https:\/\/store-test.absglobal.com\/fr\/?page_id=5"},{"@type":"ListItem","position":3,"name":"HARDY"}]},{"@type":"WebSite","@id":"https:\/\/store-test.absglobal.com\/fr\/#website","url":"https:\/\/store-test.absglobal.com\/fr\/","name":"ABS Global Store France (BOVEC)","description":"BOVEC e-Market","potentialAction":[{"@type":"SearchAction","target":{"@type":"EntryPoint","urlTemplate":"https:\/\/store-test.absglobal.com\/fr\/?s={search_term_string}"},"query-input":{"@type":"PropertyValueSpecification","valueRequired":true,"valueName":"search_term_string"}}],"inLanguage":"en-US"}]}},"_links":{"self":[{"href":"https:\/\/store-test.absglobal.com\/fr\/wp-json\/wp\/v2\/product\/49073"}],"collection":[{"href":"https:\/\/store-test.absglobal.com\/fr\/wp-json\/wp\/v2\/product"}],"about":[{"href":"https:\/\/store-test.absglobal.com\/fr\/wp-json\/wp\/v2\/types\/product"}],"wp:featuredmedia":[{"embeddable":true,"href":"https:\/\/store-test.absglobal.com\/fr\/wp-json\/wp\/v2\/media\/49156"}],"wp:attachment":[{"href":"https:\/\/store-test.absglobal.com\/fr\/wp-json\/wp\/v2\/media?parent=49073"}],"wp:term":[{"taxonomy":"product_cat","embeddable":true,"href":"https:\/\/store-test.absglobal.com\/fr\/wp-json\/wp\/v2\/product_cat?post=49073"},{"taxonomy":"product_tag","embeddable":true,"href":"https:\/\/store-test.absglobal.com\/fr\/wp-json\/wp\/v2\/product_tag?post=49073"}],"curies":[{"name":"wp","href":"https:\/\/api.w.org\/{rel}","templated":true}]}}